{"id":2068,"date":"2024-09-25T19:46:53","date_gmt":"2024-09-25T19:46:53","guid":{"rendered":"https:\/\/shiftsoft.co\/?page_id=2068"},"modified":"2024-09-25T21:22:32","modified_gmt":"2024-09-25T21:22:32","slug":"danismanlik-hizmetleri","status":"publish","type":"page","link":"https:\/\/shiftsoft.co\/index.php\/danismanlik-hizmetleri\/","title":{"rendered":"Dan\u0131\u015fmanl\u0131k Hizmetleri"},"content":{"rendered":"\t\t<div data-elementor-type=\"wp-page\" data-elementor-id=\"2068\" class=\"elementor elementor-2068\">\n\t\t\t\t<div class=\"elementor-element elementor-element-38a4f4b e-flex e-con-boxed e-con e-parent\" data-id=\"38a4f4b\" data-element_type=\"container\">\n\t\t\t\t\t<div class=\"e-con-inner\">\n\t\t<div class=\"elementor-element elementor-element-569f524 e-con-full e-flex e-con e-child\" data-id=\"569f524\" data-element_type=\"container\">\n\t\t\t\t<div class=\"elementor-element elementor-element-782c8fb elementor-widget elementor-widget-heading\" data-id=\"782c8fb\" data-element_type=\"widget\" data-widget_type=\"heading.default\">\n\t\t\t\t<div class=\"elementor-widget-container\">\n\t\t\t<h2 class=\"elementor-heading-title elementor-size-default\">Dan\u0131\u015fmanl\u0131k Hizmetleri: \u0130\u015finizi B\u00fcy\u00fctmek \u0130\u00e7in Stratejik Destek Al\u0131n!<\/h2>\t\t<\/div>\n\t\t\t\t<\/div>\n\t\t\t\t<div class=\"elementor-element elementor-element-f2a6c93 elementor-widget elementor-widget-softgen-image\" data-id=\"f2a6c93\" data-element_type=\"widget\" data-widget_type=\"softgen-image.default\">\n\t\t\t\t<div class=\"elementor-widget-container\">\n\t\t\t\t\t<div id=\"sg-img-f2a6c93\" class=\"elementor-image el-image  \">\n\t\t\t\t\t\t\t\t\t\t\t\t\t\t<div class=\"el-image-wrap\">\n\t\t\t\t\t<img fetchpriority=\"high\" decoding=\"async\" width=\"1000\" height=\"600\" src=\"https:\/\/shiftsoft.co\/wp-content\/uploads\/2024\/09\/e-posta-1.png\" class=\"attachment-full size-full wp-image-2225\" alt=\"\" srcset=\"https:\/\/shiftsoft.co\/wp-content\/uploads\/2024\/09\/e-posta-1.png 1000w, https:\/\/shiftsoft.co\/wp-content\/uploads\/2024\/09\/e-posta-1-300x180.png 300w, https:\/\/shiftsoft.co\/wp-content\/uploads\/2024\/09\/e-posta-1-768x461.png 768w\" sizes=\"(max-width: 1000px) 100vw, 1000px\" \/>\t\t\t\t<\/div>\n\t\t\t\t\t\t\t\t\t\t\t<\/div>\n\t\t\t\t<\/div>\n\t\t\t\t<\/div>\n\t\t\t\t<div class=\"elementor-element elementor-element-cb693a8 elementor-widget elementor-widget-text-editor\" data-id=\"cb693a8\" data-element_type=\"widget\" data-widget_type=\"text-editor.default\">\n\t\t\t\t<div class=\"elementor-widget-container\">\n\t\t\t\t\t\t\t<p>\u0130\u015f d\u00fcnyas\u0131 s\u00fcrekli de\u011fi\u015fiyor ve bu de\u011fi\u015fime ayak uydurmak i\u00e7in do\u011fru bilgi ve stratejilere ihtiya\u00e7 var. Dan\u0131\u015fmanl\u0131k hizmetlerimiz, i\u015fletmenizin potansiyelini en \u00fcst d\u00fczeye \u00e7\u0131karmak i\u00e7in kapsaml\u0131 \u00e7\u00f6z\u00fcmler sunar.<\/p>\t\t\t\t\t\t<\/div>\n\t\t\t\t<\/div>\n\t\t<div class=\"elementor-element elementor-element-550684e e-flex e-con-boxed e-con e-child\" data-id=\"550684e\" data-element_type=\"container\">\n\t\t\t\t\t<div class=\"e-con-inner\">\n\t\t<div class=\"elementor-element elementor-element-0e14536 e-flex e-con-boxed e-con e-child\" data-id=\"0e14536\" data-element_type=\"container\">\n\t\t\t\t\t<div class=\"e-con-inner\">\n\t\t\t\t<div class=\"elementor-element elementor-element-162c969 elementor-widget elementor-widget-heading\" data-id=\"162c969\" data-element_type=\"widget\" data-widget_type=\"heading.default\">\n\t\t\t\t<div class=\"elementor-widget-container\">\n\t\t\t<h2 class=\"elementor-heading-title elementor-size-default\">Hizmet \u00d6zeti:\n\n<\/h2>\t\t<\/div>\n\t\t\t\t<\/div>\n\t\t\t\t<div class=\"elementor-element elementor-element-ad96d96 elementor-icon-list--layout-traditional elementor-list-item-link-full_width elementor-widget elementor-widget-icon-list\" data-id=\"ad96d96\" data-element_type=\"widget\" data-widget_type=\"icon-list.default\">\n\t\t\t\t<div class=\"elementor-widget-container\">\n\t\t\t\t\t<ul class=\"elementor-icon-list-items\">\n\t\t\t\t\t\t\t<li class=\"elementor-icon-list-item\">\n\t\t\t\t\t\t\t\t\t\t\t<span class=\"elementor-icon-list-icon\">\n\t\t\t\t\t\t\t<i aria-hidden=\"true\" class=\"la la-thumbs-up\"><\/i>\t\t\t\t\t\t<\/span>\n\t\t\t\t\t\t\t\t\t\t<span class=\"elementor-icon-list-text\">\u0130\u015f stratejisi ve planlama dan\u0131\u015fmanl\u0131\u011f\u0131<\/span>\n\t\t\t\t\t\t\t\t\t<\/li>\n\t\t\t\t\t\t\t\t<li class=\"elementor-icon-list-item\">\n\t\t\t\t\t\t\t\t\t\t\t<span class=\"elementor-icon-list-icon\">\n\t\t\t\t\t\t\t<i aria-hidden=\"true\" class=\"la la-thumbs-up\"><\/i>\t\t\t\t\t\t<\/span>\n\t\t\t\t\t\t\t\t\t\t<span class=\"elementor-icon-list-text\">Pazar analizi ve rekabet de\u011ferlendirmesi<\/span>\n\t\t\t\t\t\t\t\t\t<\/li>\n\t\t\t\t\t\t\t\t<li class=\"elementor-icon-list-item\">\n\t\t\t\t\t\t\t\t\t\t\t<span class=\"elementor-icon-list-icon\">\n\t\t\t\t\t\t\t<i aria-hidden=\"true\" class=\"la la-thumbs-up\"><\/i>\t\t\t\t\t\t<\/span>\n\t\t\t\t\t\t\t\t\t\t<span class=\"elementor-icon-list-text\">Dijital d\u00f6n\u00fc\u015f\u00fcm stratejileri geli\u015ftirme<\/span>\n\t\t\t\t\t\t\t\t\t<\/li>\n\t\t\t\t\t\t\t\t<li class=\"elementor-icon-list-item\">\n\t\t\t\t\t\t\t\t\t\t\t<span class=\"elementor-icon-list-icon\">\n\t\t\t\t\t\t\t<i aria-hidden=\"true\" class=\"la la-thumbs-up\"><\/i>\t\t\t\t\t\t<\/span>\n\t\t\t\t\t\t\t\t\t\t<span class=\"elementor-icon-list-text\">Operasyonel verimlilik art\u0131rma \u00f6nerileri<\/span>\n\t\t\t\t\t\t\t\t\t<\/li>\n\t\t\t\t\t\t<\/ul>\n\t\t\t\t<\/div>\n\t\t\t\t<\/div>\n\t\t\t\t\t<\/div>\n\t\t\t\t<\/div>\n\t\t<div class=\"elementor-element elementor-element-be10371 e-flex e-con-boxed e-con e-child\" data-id=\"be10371\" data-element_type=\"container\">\n\t\t\t\t\t<div class=\"e-con-inner\">\n\t\t\t\t<div class=\"elementor-element elementor-element-462091b elementor-widget elementor-widget-heading\" data-id=\"462091b\" data-element_type=\"widget\" data-widget_type=\"heading.default\">\n\t\t\t\t<div class=\"elementor-widget-container\">\n\t\t\t<h2 class=\"elementor-heading-title elementor-size-default\">M\u00fc\u015fteri Faydalar\u0131:<\/h2>\t\t<\/div>\n\t\t\t\t<\/div>\n\t\t\t\t<div class=\"elementor-element elementor-element-3dffb18 elementor-icon-list--layout-traditional elementor-list-item-link-full_width elementor-widget elementor-widget-icon-list\" data-id=\"3dffb18\" data-element_type=\"widget\" data-widget_type=\"icon-list.default\">\n\t\t\t\t<div class=\"elementor-widget-container\">\n\t\t\t\t\t<ul class=\"elementor-icon-list-items\">\n\t\t\t\t\t\t\t<li class=\"elementor-icon-list-item\">\n\t\t\t\t\t\t\t\t\t\t\t<span class=\"elementor-icon-list-icon\">\n\t\t\t\t\t\t\t<i aria-hidden=\"true\" class=\"la la-thumbs-up\"><\/i>\t\t\t\t\t\t<\/span>\n\t\t\t\t\t\t\t\t\t\t<span class=\"elementor-icon-list-text\">\u0130\u015fletmenizin hedeflerine ula\u015fmas\u0131 i\u00e7in profesyonel rehberlik al\u0131n.<\/span>\n\t\t\t\t\t\t\t\t\t<\/li>\n\t\t\t\t\t\t\t\t<li class=\"elementor-icon-list-item\">\n\t\t\t\t\t\t\t\t\t\t\t<span class=\"elementor-icon-list-icon\">\n\t\t\t\t\t\t\t<i aria-hidden=\"true\" class=\"la la-thumbs-up\"><\/i>\t\t\t\t\t\t<\/span>\n\t\t\t\t\t\t\t\t\t\t<span class=\"elementor-icon-list-text\">Pazar trendlerini ve rekabeti analiz ederek daha bilin\u00e7li kararlar verin.<\/span>\n\t\t\t\t\t\t\t\t\t<\/li>\n\t\t\t\t\t\t\t\t<li class=\"elementor-icon-list-item\">\n\t\t\t\t\t\t\t\t\t\t\t<span class=\"elementor-icon-list-icon\">\n\t\t\t\t\t\t\t<i aria-hidden=\"true\" class=\"la la-thumbs-up\"><\/i>\t\t\t\t\t\t<\/span>\n\t\t\t\t\t\t\t\t\t\t<span class=\"elementor-icon-list-text\">Dijital d\u00f6n\u00fc\u015f\u00fcm s\u00fcre\u00e7lerinizi h\u0131zland\u0131rarak yenilik\u00e7i \u00e7\u00f6z\u00fcmler uygulay\u0131n.<\/span>\n\t\t\t\t\t\t\t\t\t<\/li>\n\t\t\t\t\t\t\t\t<li class=\"elementor-icon-list-item\">\n\t\t\t\t\t\t\t\t\t\t\t<span class=\"elementor-icon-list-icon\">\n\t\t\t\t\t\t\t<i aria-hidden=\"true\" class=\"la la-thumbs-up\"><\/i>\t\t\t\t\t\t<\/span>\n\t\t\t\t\t\t\t\t\t\t<span class=\"elementor-icon-list-text\">Operasyonel s\u00fcre\u00e7lerinizi optimize ederek maliyetleri d\u00fc\u015f\u00fcr\u00fcn.<\/span>\n\t\t\t\t\t\t\t\t\t<\/li>\n\t\t\t\t\t\t<\/ul>\n\t\t\t\t<\/div>\n\t\t\t\t<\/div>\n\t\t\t\t\t<\/div>\n\t\t\t\t<\/div>\n\t\t\t\t\t<\/div>\n\t\t\t\t<\/div>\n\t\t<div class=\"elementor-element elementor-element-eceee92 e-flex e-con-boxed e-con e-child\" data-id=\"eceee92\" data-element_type=\"container\">\n\t\t\t\t\t<div class=\"e-con-inner\">\n\t\t\t\t<div class=\"elementor-element elementor-element-6e77377 elementor-widget elementor-widget-softgen-image\" data-id=\"6e77377\" data-element_type=\"widget\" data-widget_type=\"softgen-image.default\">\n\t\t\t\t<div class=\"elementor-widget-container\">\n\t\t\t\t\t<div id=\"sg-img-6e77377\" class=\"elementor-image el-image  \">\n\t\t\t\t\t\t\t\t\t\t\t\t\t\t<div class=\"el-image-wrap\">\n\t\t\t\t\t<img decoding=\"async\" width=\"1000\" height=\"650\" src=\"https:\/\/shiftsoft.co\/wp-content\/uploads\/2024\/05\/1000x650.jpg\" class=\"attachment-full size-full wp-image-1856\" alt=\"\" srcset=\"https:\/\/shiftsoft.co\/wp-content\/uploads\/2024\/05\/1000x650.jpg 1000w, https:\/\/shiftsoft.co\/wp-content\/uploads\/2024\/05\/1000x650-300x195.jpg 300w, https:\/\/shiftsoft.co\/wp-content\/uploads\/2024\/05\/1000x650-768x499.jpg 768w\" sizes=\"(max-width: 1000px) 100vw, 1000px\" \/>\t\t\t\t<\/div>\n\t\t\t\t\t\t\t\t\t\t\t<\/div>\n\t\t\t\t<\/div>\n\t\t\t\t<\/div>\n\t\t\t\t<div class=\"elementor-element elementor-element-43478b8 elementor-widget elementor-widget-softgen-image\" data-id=\"43478b8\" data-element_type=\"widget\" data-widget_type=\"softgen-image.default\">\n\t\t\t\t<div class=\"elementor-widget-container\">\n\t\t\t\t\t<div id=\"sg-img-43478b8\" class=\"elementor-image el-image  \">\n\t\t\t\t\t\t\t\t\t\t\t\t\t\t<div class=\"el-image-wrap\">\n\t\t\t\t\t<img decoding=\"async\" width=\"1000\" height=\"650\" src=\"https:\/\/shiftsoft.co\/wp-content\/uploads\/2024\/05\/1000x650.jpg\" class=\"attachment-full size-full wp-image-1856\" alt=\"\" srcset=\"https:\/\/shiftsoft.co\/wp-content\/uploads\/2024\/05\/1000x650.jpg 1000w, https:\/\/shiftsoft.co\/wp-content\/uploads\/2024\/05\/1000x650-300x195.jpg 300w, https:\/\/shiftsoft.co\/wp-content\/uploads\/2024\/05\/1000x650-768x499.jpg 768w\" sizes=\"(max-width: 1000px) 100vw, 1000px\" \/>\t\t\t\t<\/div>\n\t\t\t\t\t\t\t\t\t\t\t<\/div>\n\t\t\t\t<\/div>\n\t\t\t\t<\/div>\n\t\t\t\t\t<\/div>\n\t\t\t\t<\/div>\n\t\t\t\t<div class=\"elementor-element elementor-element-e707559 elementor-widget elementor-widget-heading\" data-id=\"e707559\" data-element_type=\"widget\" data-widget_type=\"heading.default\">\n\t\t\t\t<div class=\"elementor-widget-container\">\n\t\t\t<h2 class=\"elementor-heading-title elementor-size-default\">\u00c7\u00f6z\u00fcm ve Sonu\u00e7lar:<\/h2>\t\t<\/div>\n\t\t\t\t<\/div>\n\t\t\t\t<div class=\"elementor-element elementor-element-82418e4 elementor-widget elementor-widget-text-editor\" data-id=\"82418e4\" data-element_type=\"widget\" data-widget_type=\"text-editor.default\">\n\t\t\t\t<div class=\"elementor-widget-container\">\n\t\t\t\t\t\t\t<p>\u0130\u015fletmenizin s\u00fcrd\u00fcr\u00fclebilir b\u00fcy\u00fcmesini sa\u011flamak i\u00e7in kapsaml\u0131 bir dan\u0131\u015fmanl\u0131k s\u00fcreci izlemek gereklidir. Uzman ekibimiz, ihtiya\u00e7lar\u0131n\u0131za uygun stratejiler geli\u015ftirerek size \u00f6zel \u00e7\u00f6z\u00fcmler sunar.<\/p><p>Sundu\u011fumuz \u00e7\u00f6z\u00fcmlerle, rekabet avantaj\u0131 elde edebilir, i\u015f s\u00fcre\u00e7lerinizi iyile\u015ftirebilir ve marka de\u011ferinizin artmas\u0131n\u0131 sa\u011flayabilirsiniz. Sonu\u00e7 olarak, dan\u0131\u015fmanl\u0131k hizmetleri ile i\u015finizi bir ad\u0131m \u00f6ne ta\u015f\u0131yarak s\u00fcrd\u00fcr\u00fclebilir bir ba\u015far\u0131 elde edersiniz.<\/p>\t\t\t\t\t\t<\/div>\n\t\t\t\t<\/div>\n\t\t\t\t<\/div>\n\t\t<div class=\"elementor-element elementor-element-8c8273d e-con-full e-flex e-con e-child\" data-id=\"8c8273d\" data-element_type=\"container\">\n\t\t<div class=\"elementor-element elementor-element-92a35b3 e-con-full e-flex e-con e-child\" data-id=\"92a35b3\" data-element_type=\"container\">\n\t\t\t\t<div class=\"elementor-element elementor-element-1ab6800 elementor-widget elementor-widget-softgen-section-heading\" data-id=\"1ab6800\" data-element_type=\"widget\" data-widget_type=\"softgen-section-heading.default\">\n\t\t\t\t<div class=\"elementor-widget-container\">\n\t\t\t        <div class=\"el-section-heading\">\n            <div class=\"content-wrapper\">\n                            <h2 class=\"sg-heading is-border\">\n            <span>Hizmet Listesi:<\/span>            <\/h2>\n                    <\/div>\n        <\/div>\n        \t\t<\/div>\n\t\t\t\t<\/div>\n\t\t\t\t<div class=\"elementor-element elementor-element-be22c66 elementor-icon-list--layout-traditional elementor-list-item-link-full_width elementor-widget elementor-widget-icon-list\" data-id=\"be22c66\" data-element_type=\"widget\" data-widget_type=\"icon-list.default\">\n\t\t\t\t<div class=\"elementor-widget-container\">\n\t\t\t\t\t<ul class=\"elementor-icon-list-items\">\n\t\t\t\t\t\t\t<li class=\"elementor-icon-list-item\">\n\t\t\t\t\t\t\t\t\t\t\t<a href=\"https:\/\/shiftsoft.co\/index.php\/itibar-yonetimi\/\">\n\n\t\t\t\t\t\t\t\t\t\t\t\t<span class=\"elementor-icon-list-icon\">\n\t\t\t\t\t\t\t<i aria-hidden=\"true\" class=\"la la-dot-circle\"><\/i>\t\t\t\t\t\t<\/span>\n\t\t\t\t\t\t\t\t\t\t<span class=\"elementor-icon-list-text\">\u0130tibar Y\u00f6netimi<\/span>\n\t\t\t\t\t\t\t\t\t\t\t<\/a>\n\t\t\t\t\t\t\t\t\t<\/li>\n\t\t\t\t\t\t\t\t<li class=\"elementor-icon-list-item\">\n\t\t\t\t\t\t\t\t\t\t\t<a href=\"https:\/\/shiftsoft.co\/index.php\/sosyal-medya-yonetimi\/\">\n\n\t\t\t\t\t\t\t\t\t\t\t\t<span class=\"elementor-icon-list-icon\">\n\t\t\t\t\t\t\t<i aria-hidden=\"true\" class=\"la la-dot-circle\"><\/i>\t\t\t\t\t\t<\/span>\n\t\t\t\t\t\t\t\t\t\t<span class=\"elementor-icon-list-text\">Sosyal Medya Y\u00f6netimi<\/span>\n\t\t\t\t\t\t\t\t\t\t\t<\/a>\n\t\t\t\t\t\t\t\t\t<\/li>\n\t\t\t\t\t\t\t\t<li class=\"elementor-icon-list-item\">\n\t\t\t\t\t\t\t\t\t\t\t<a href=\"https:\/\/shiftsoft.co\/index.php\/web-gelistirme\/\">\n\n\t\t\t\t\t\t\t\t\t\t\t\t<span class=\"elementor-icon-list-icon\">\n\t\t\t\t\t\t\t<i aria-hidden=\"true\" class=\"la la-dot-circle\"><\/i>\t\t\t\t\t\t<\/span>\n\t\t\t\t\t\t\t\t\t\t<span class=\"elementor-icon-list-text\">Web Geli\u015ftirme<\/span>\n\t\t\t\t\t\t\t\t\t\t\t<\/a>\n\t\t\t\t\t\t\t\t\t<\/li>\n\t\t\t\t\t\t\t\t<li class=\"elementor-icon-list-item\">\n\t\t\t\t\t\t\t\t\t\t\t<a href=\"https:\/\/shiftsoft.co\/index.php\/dijital-pazarlama\/\">\n\n\t\t\t\t\t\t\t\t\t\t\t\t<span class=\"elementor-icon-list-icon\">\n\t\t\t\t\t\t\t<i aria-hidden=\"true\" class=\"la la-dot-circle\"><\/i>\t\t\t\t\t\t<\/span>\n\t\t\t\t\t\t\t\t\t\t<span class=\"elementor-icon-list-text\">Dijital Pazarlama<\/span>\n\t\t\t\t\t\t\t\t\t\t\t<\/a>\n\t\t\t\t\t\t\t\t\t<\/li>\n\t\t\t\t\t\t\t\t<li class=\"elementor-icon-list-item\">\n\t\t\t\t\t\t\t\t\t\t\t<a href=\"https:\/\/shiftsoft.co\/index.php\/grafik-tasarim\/\">\n\n\t\t\t\t\t\t\t\t\t\t\t\t<span class=\"elementor-icon-list-icon\">\n\t\t\t\t\t\t\t<i aria-hidden=\"true\" class=\"la la-dot-circle\"><\/i>\t\t\t\t\t\t<\/span>\n\t\t\t\t\t\t\t\t\t\t<span class=\"elementor-icon-list-text\">Grafik Tasar\u0131m<\/span>\n\t\t\t\t\t\t\t\t\t\t\t<\/a>\n\t\t\t\t\t\t\t\t\t<\/li>\n\t\t\t\t\t\t\t\t<li class=\"elementor-icon-list-item\">\n\t\t\t\t\t\t\t\t\t\t\t<a href=\"https:\/\/shiftsoft.co\/index.php\/veri-analizi-ve-raporlama\/\">\n\n\t\t\t\t\t\t\t\t\t\t\t\t<span class=\"elementor-icon-list-icon\">\n\t\t\t\t\t\t\t<i aria-hidden=\"true\" class=\"la la-dot-circle\"><\/i>\t\t\t\t\t\t<\/span>\n\t\t\t\t\t\t\t\t\t\t<span class=\"elementor-icon-list-text\">Veri Analizi ve Raporlama<\/span>\n\t\t\t\t\t\t\t\t\t\t\t<\/a>\n\t\t\t\t\t\t\t\t\t<\/li>\n\t\t\t\t\t\t\t\t<li class=\"elementor-icon-list-item\">\n\t\t\t\t\t\t\t\t\t\t\t<a href=\"https:\/\/shiftsoft.co\/index.php\/video-icerik-uretimi\/\">\n\n\t\t\t\t\t\t\t\t\t\t\t\t<span class=\"elementor-icon-list-icon\">\n\t\t\t\t\t\t\t<i aria-hidden=\"true\" class=\"la la-dot-circle\"><\/i>\t\t\t\t\t\t<\/span>\n\t\t\t\t\t\t\t\t\t\t<span class=\"elementor-icon-list-text\">Video \u0130\u00e7erik \u00dcretimi<\/span>\n\t\t\t\t\t\t\t\t\t\t\t<\/a>\n\t\t\t\t\t\t\t\t\t<\/li>\n\t\t\t\t\t\t\t\t<li class=\"elementor-icon-list-item\">\n\t\t\t\t\t\t\t\t\t\t\t<a href=\"https:\/\/shiftsoft.co\/index.php\/e-posta-pazarlama\/\">\n\n\t\t\t\t\t\t\t\t\t\t\t\t<span class=\"elementor-icon-list-icon\">\n\t\t\t\t\t\t\t<i aria-hidden=\"true\" class=\"la la-dot-circle\"><\/i>\t\t\t\t\t\t<\/span>\n\t\t\t\t\t\t\t\t\t\t<span class=\"elementor-icon-list-text\">E-posta Pazarlama<\/span>\n\t\t\t\t\t\t\t\t\t\t\t<\/a>\n\t\t\t\t\t\t\t\t\t<\/li>\n\t\t\t\t\t\t\t\t<li class=\"elementor-icon-list-item\">\n\t\t\t\t\t\t\t\t\t\t\t<a href=\"https:\/\/shiftsoft.co\/index.php\/danismanlik-hizmetleri\/\">\n\n\t\t\t\t\t\t\t\t\t\t\t\t<span class=\"elementor-icon-list-icon\">\n\t\t\t\t\t\t\t<i aria-hidden=\"true\" class=\"la la-dot-circle\"><\/i>\t\t\t\t\t\t<\/span>\n\t\t\t\t\t\t\t\t\t\t<span class=\"elementor-icon-list-text\">Dan\u0131\u015fmanl\u0131k Hizmetleri<\/span>\n\t\t\t\t\t\t\t\t\t\t\t<\/a>\n\t\t\t\t\t\t\t\t\t<\/li>\n\t\t\t\t\t\t\t\t<li class=\"elementor-icon-list-item\">\n\t\t\t\t\t\t\t\t\t\t\t<a href=\"https:\/\/shiftsoft.co\/index.php\/mobil-uygulama-gelistirme\/\">\n\n\t\t\t\t\t\t\t\t\t\t\t\t<span class=\"elementor-icon-list-icon\">\n\t\t\t\t\t\t\t<i aria-hidden=\"true\" class=\"la la-dot-circle\"><\/i>\t\t\t\t\t\t<\/span>\n\t\t\t\t\t\t\t\t\t\t<span class=\"elementor-icon-list-text\">Mobil Uygulama Geli\u015ftirme<\/span>\n\t\t\t\t\t\t\t\t\t\t\t<\/a>\n\t\t\t\t\t\t\t\t\t<\/li>\n\t\t\t\t\t\t\t\t<li class=\"elementor-icon-list-item\">\n\t\t\t\t\t\t\t\t\t\t\t<a href=\"https:\/\/shiftsoft.co\/index.php\/fotograf-ve-video-hizmetleri\/\">\n\n\t\t\t\t\t\t\t\t\t\t\t\t<span class=\"elementor-icon-list-icon\">\n\t\t\t\t\t\t\t<i aria-hidden=\"true\" class=\"la la-dot-circle\"><\/i>\t\t\t\t\t\t<\/span>\n\t\t\t\t\t\t\t\t\t\t<span class=\"elementor-icon-list-text\">Foto\u011fraf ve Video Hizmetleri<\/span>\n\t\t\t\t\t\t\t\t\t\t\t<\/a>\n\t\t\t\t\t\t\t\t\t<\/li>\n\t\t\t\t\t\t<\/ul>\n\t\t\t\t<\/div>\n\t\t\t\t<\/div>\n\t\t\t\t<\/div>\n\t\t<div class=\"elementor-element elementor-element-9985b27 e-flex e-con-boxed e-con e-child\" data-id=\"9985b27\" data-element_type=\"container\">\n\t\t\t\t\t<div class=\"e-con-inner\">\n\t\t\t\t<div class=\"elementor-element elementor-element-17a7d66 elementor-widget elementor-widget-softgen-section-heading\" data-id=\"17a7d66\" data-element_type=\"widget\" data-widget_type=\"softgen-section-heading.default\">\n\t\t\t\t<div class=\"elementor-widget-container\">\n\t\t\t        <div class=\"el-section-heading\">\n            <div class=\"content-wrapper\">\n                            <h2 class=\"sg-heading is-border\">\n            <span>Company Profile:<\/span>            <\/h2>\n                    <\/div>\n        <\/div>\n        \t\t<\/div>\n\t\t\t\t<\/div>\n\t\t\t\t<div class=\"elementor-element elementor-element-48bb8d8 el-display-block el-btn-align-left elementor-widget elementor-widget-softgen-button\" data-id=\"48bb8d8\" data-element_type=\"widget\" data-widget_type=\"softgen-button.default\">\n\t\t\t\t<div class=\"elementor-widget-container\">\n\t\t\t\n        <div class=\"el-btn-wrap\">\n                        <a href=\"#\" rel=\"nofollow\" class=\"sg-theme-btn btn-1  has-icon\" id=\"\">\n                <span >Download File<\/span>\n                <i aria-hidden=\"true\" class=\"la la-file-alt\"><\/i>            <\/a>\n                    <a href=\"#\" class=\"sg-theme-btn btn-2  has-icon\" id=\"\">\n                <span >Download PDF<\/span>\n                <i aria-hidden=\"true\" class=\"la la-file-pdf\"><\/i>            <\/a>\n                <\/div>\n        \t\t<\/div>\n\t\t\t\t<\/div>\n\t\t\t\t\t<\/div>\n\t\t\t\t<\/div>\n\t\t<div class=\"elementor-element elementor-element-1bbb068 e-flex e-con-boxed e-con e-child\" data-id=\"1bbb068\" data-element_type=\"container\">\n\t\t\t\t\t<div class=\"e-con-inner\">\n\t\t\t\t<div class=\"elementor-element elementor-element-1f72fe9 elementor-widget elementor-widget-softgen-image\" data-id=\"1f72fe9\" data-element_type=\"widget\" data-widget_type=\"softgen-image.default\">\n\t\t\t\t<div class=\"elementor-widget-container\">\n\t\t\t\t\t<div id=\"sg-img-1f72fe9\" class=\"elementor-image el-image  \">\n\t\t\t\t\t\t\t\t\t\t\t\t\t\t<div class=\"el-image-wrap\">\n\t\t\t\t\t<img decoding=\"async\" width=\"300\" height=\"400\" src=\"https:\/\/shiftsoft.co\/wp-content\/uploads\/2024\/05\/300x400.jpg\" class=\"attachment-full size-full wp-image-1900\" alt=\"\" srcset=\"https:\/\/shiftsoft.co\/wp-content\/uploads\/2024\/05\/300x400.jpg 300w, https:\/\/shiftsoft.co\/wp-content\/uploads\/2024\/05\/300x400-225x300.jpg 225w\" sizes=\"(max-width: 300px) 100vw, 300px\" \/>\t\t\t\t<\/div>\n\t\t\t\t\t\t\t\t\t\t\t<\/div>\n\t\t\t\t<\/div>\n\t\t\t\t<\/div>\n\t\t\t\t\t<\/div>\n\t\t\t\t<\/div>\n\t\t\t\t<\/div>\n\t\t\t\t\t<\/div>\n\t\t\t\t<\/div>\n\t\t\t\t<\/div>\n\t\t","protected":false},"excerpt":{"rendered":"<p>Dan\u0131\u015fmanl\u0131k Hizmetleri: \u0130\u015finizi B\u00fcy\u00fctmek \u0130\u00e7in Stratejik Destek Al\u0131n! \u0130\u015f d\u00fcnyas\u0131 s\u00fcrekli de\u011fi\u015fiyor ve bu de\u011fi\u015fime ayak uydurmak i\u00e7in do\u011fru bilgi ve stratejilere ihtiya\u00e7 var. Dan\u0131\u015fmanl\u0131k hizmetlerimiz, i\u015fletmenizin potansiyelini en \u00fcst d\u00fczeye \u00e7\u0131karmak i\u00e7in kapsaml\u0131 \u00e7\u00f6z\u00fcmler sunar. Hizmet \u00d6zeti: \u0130\u015f stratejisi ve planlama dan\u0131\u015fmanl\u0131\u011f\u0131 Pazar analizi ve rekabet de\u011ferlendirmesi Dijital d\u00f6n\u00fc\u015f\u00fcm stratejileri geli\u015ftirme Operasyonel verimlilik art\u0131rma [&hellip;]<\/p>\n","protected":false},"author":1,"featured_media":0,"parent":0,"menu_order":0,"comment_status":"closed","ping_status":"closed","template":"elementor-template.php","meta":{"_acf_changed":false,"_monsterinsights_skip_tracking":false,"_monsterinsights_sitenote_active":false,"_monsterinsights_sitenote_note":"","_monsterinsights_sitenote_category":0,"footnotes":""},"class_list":["post-2068","page","type-page","status-publish","hentry"],"acf":[],"aioseo_notices":[],"_links":{"self":[{"href":"https:\/\/shiftsoft.co\/index.php\/wp-json\/wp\/v2\/pages\/2068","targetHints":{"allow":["GET"]}}],"collection":[{"href":"https:\/\/shiftsoft.co\/index.php\/wp-json\/wp\/v2\/pages"}],"about":[{"href":"https:\/\/shiftsoft.co\/index.php\/wp-json\/wp\/v2\/types\/page"}],"author":[{"embeddable":true,"href":"https:\/\/shiftsoft.co\/index.php\/wp-json\/wp\/v2\/users\/1"}],"replies":[{"embeddable":true,"href":"https:\/\/shiftsoft.co\/index.php\/wp-json\/wp\/v2\/comments?post=2068"}],"version-history":[{"count":14,"href":"https:\/\/shiftsoft.co\/index.php\/wp-json\/wp\/v2\/pages\/2068\/revisions"}],"predecessor-version":[{"id":2256,"href":"https:\/\/shiftsoft.co\/index.php\/wp-json\/wp\/v2\/pages\/2068\/revisions\/2256"}],"wp:attachment":[{"href":"https:\/\/shiftsoft.co\/index.php\/wp-json\/wp\/v2\/media?parent=2068"}],"curies":[{"name":"wp","href":"https:\/\/api.w.org\/{rel}","templated":true}]}}