{"id":2063,"date":"2024-09-25T19:46:09","date_gmt":"2024-09-25T19:46:09","guid":{"rendered":"https:\/\/shiftsoft.co\/?page_id=2063"},"modified":"2024-09-25T21:22:06","modified_gmt":"2024-09-25T21:22:06","slug":"video-icerik-uretimi","status":"publish","type":"page","link":"https:\/\/shiftsoft.co\/index.php\/video-icerik-uretimi\/","title":{"rendered":"Video \u0130\u00e7erik \u00dcretimi"},"content":{"rendered":"\t\t<div data-elementor-type=\"wp-page\" data-elementor-id=\"2063\" class=\"elementor elementor-2063\">\n\t\t\t\t<div class=\"elementor-element elementor-element-7a61ed6 e-flex e-con-boxed e-con e-parent\" data-id=\"7a61ed6\" data-element_type=\"container\">\n\t\t\t\t\t<div class=\"e-con-inner\">\n\t\t<div class=\"elementor-element elementor-element-eebb756 e-con-full e-flex e-con e-child\" data-id=\"eebb756\" data-element_type=\"container\">\n\t\t\t\t<div class=\"elementor-element elementor-element-20bcbc7 elementor-widget elementor-widget-heading\" data-id=\"20bcbc7\" data-element_type=\"widget\" data-widget_type=\"heading.default\">\n\t\t\t\t<div class=\"elementor-widget-container\">\n\t\t\t<h2 class=\"elementor-heading-title elementor-size-default\">Video \u0130\u00e7erik \u00dcretimi: Hikayenizi G\u00f6rsel Olarak Anlat\u0131n!<\/h2>\t\t<\/div>\n\t\t\t\t<\/div>\n\t\t\t\t<div class=\"elementor-element elementor-element-f344f4c elementor-widget elementor-widget-softgen-image\" data-id=\"f344f4c\" data-element_type=\"widget\" data-widget_type=\"softgen-image.default\">\n\t\t\t\t<div class=\"elementor-widget-container\">\n\t\t\t\t\t<div id=\"sg-img-f344f4c\" class=\"elementor-image el-image  \">\n\t\t\t\t\t\t\t\t\t\t\t\t\t\t<div class=\"el-image-wrap\">\n\t\t\t\t\t<img fetchpriority=\"high\" decoding=\"async\" width=\"1000\" height=\"600\" src=\"https:\/\/shiftsoft.co\/wp-content\/uploads\/2024\/09\/video.png\" class=\"attachment-full size-full wp-image-2227\" alt=\"\" srcset=\"https:\/\/shiftsoft.co\/wp-content\/uploads\/2024\/09\/video.png 1000w, https:\/\/shiftsoft.co\/wp-content\/uploads\/2024\/09\/video-300x180.png 300w, https:\/\/shiftsoft.co\/wp-content\/uploads\/2024\/09\/video-768x461.png 768w\" sizes=\"(max-width: 1000px) 100vw, 1000px\" \/>\t\t\t\t<\/div>\n\t\t\t\t\t\t\t\t\t\t\t<\/div>\n\t\t\t\t<\/div>\n\t\t\t\t<\/div>\n\t\t\t\t<div class=\"elementor-element elementor-element-424ab32 elementor-widget elementor-widget-text-editor\" data-id=\"424ab32\" data-element_type=\"widget\" data-widget_type=\"text-editor.default\">\n\t\t\t\t<div class=\"elementor-widget-container\">\n\t\t\t\t\t\t\t<p>Video i\u00e7erik, dijital pazarlaman\u0131n en etkili ara\u00e7lar\u0131ndan biridir. Hedef kitlenizle g\u00fc\u00e7l\u00fc bir ba\u011f kurmak ve mesaj\u0131n\u0131z\u0131 etkili bir \u015fekilde iletmek i\u00e7in profesyonel video i\u00e7erik \u00fcretimi \u015fartt\u0131r. G\u00f6rsel ve i\u015fitsel unsurlar\u0131 bir araya getirerek markan\u0131z\u0131n hikayesini en etkileyici \u015fekilde sunar.<\/p>\t\t\t\t\t\t<\/div>\n\t\t\t\t<\/div>\n\t\t<div class=\"elementor-element elementor-element-c1d9547 e-flex e-con-boxed e-con e-child\" data-id=\"c1d9547\" data-element_type=\"container\">\n\t\t\t\t\t<div class=\"e-con-inner\">\n\t\t<div class=\"elementor-element elementor-element-9a428dc e-flex e-con-boxed e-con e-child\" data-id=\"9a428dc\" data-element_type=\"container\">\n\t\t\t\t\t<div class=\"e-con-inner\">\n\t\t\t\t<div class=\"elementor-element elementor-element-5bad8c0 elementor-widget elementor-widget-heading\" data-id=\"5bad8c0\" data-element_type=\"widget\" data-widget_type=\"heading.default\">\n\t\t\t\t<div class=\"elementor-widget-container\">\n\t\t\t<h2 class=\"elementor-heading-title elementor-size-default\">Hizmet \u00d6zeti:<\/h2>\t\t<\/div>\n\t\t\t\t<\/div>\n\t\t\t\t<div class=\"elementor-element elementor-element-13e441a elementor-icon-list--layout-traditional elementor-list-item-link-full_width elementor-widget elementor-widget-icon-list\" data-id=\"13e441a\" data-element_type=\"widget\" data-widget_type=\"icon-list.default\">\n\t\t\t\t<div class=\"elementor-widget-container\">\n\t\t\t\t\t<ul class=\"elementor-icon-list-items\">\n\t\t\t\t\t\t\t<li class=\"elementor-icon-list-item\">\n\t\t\t\t\t\t\t\t\t\t\t<span class=\"elementor-icon-list-icon\">\n\t\t\t\t\t\t\t<i aria-hidden=\"true\" class=\"la la-thumbs-up\"><\/i>\t\t\t\t\t\t<\/span>\n\t\t\t\t\t\t\t\t\t\t<span class=\"elementor-icon-list-text\">Konsept geli\u015ftirme ve senaryo yaz\u0131m\u0131<\/span>\n\t\t\t\t\t\t\t\t\t<\/li>\n\t\t\t\t\t\t\t\t<li class=\"elementor-icon-list-item\">\n\t\t\t\t\t\t\t\t\t\t\t<span class=\"elementor-icon-list-icon\">\n\t\t\t\t\t\t\t<i aria-hidden=\"true\" class=\"la la-thumbs-up\"><\/i>\t\t\t\t\t\t<\/span>\n\t\t\t\t\t\t\t\t\t\t<span class=\"elementor-icon-list-text\">Profesyonel video \u00e7ekimi ve prod\u00fcksiyon<\/span>\n\t\t\t\t\t\t\t\t\t<\/li>\n\t\t\t\t\t\t\t\t<li class=\"elementor-icon-list-item\">\n\t\t\t\t\t\t\t\t\t\t\t<span class=\"elementor-icon-list-icon\">\n\t\t\t\t\t\t\t<i aria-hidden=\"true\" class=\"la la-thumbs-up\"><\/i>\t\t\t\t\t\t<\/span>\n\t\t\t\t\t\t\t\t\t\t<span class=\"elementor-icon-list-text\">Post-prod\u00fcksiyon hizmetleri (kurgu, ses d\u00fczenleme, efektler)<\/span>\n\t\t\t\t\t\t\t\t\t<\/li>\n\t\t\t\t\t\t\t\t<li class=\"elementor-icon-list-item\">\n\t\t\t\t\t\t\t\t\t\t\t<span class=\"elementor-icon-list-icon\">\n\t\t\t\t\t\t\t<i aria-hidden=\"true\" class=\"la la-thumbs-up\"><\/i>\t\t\t\t\t\t<\/span>\n\t\t\t\t\t\t\t\t\t\t<span class=\"elementor-icon-list-text\">Sosyal medya ve web platformlar\u0131 i\u00e7in i\u00e7erik uyarlama<\/span>\n\t\t\t\t\t\t\t\t\t<\/li>\n\t\t\t\t\t\t<\/ul>\n\t\t\t\t<\/div>\n\t\t\t\t<\/div>\n\t\t\t\t\t<\/div>\n\t\t\t\t<\/div>\n\t\t<div class=\"elementor-element elementor-element-248afe8 e-flex e-con-boxed e-con e-child\" data-id=\"248afe8\" data-element_type=\"container\">\n\t\t\t\t\t<div class=\"e-con-inner\">\n\t\t\t\t<div class=\"elementor-element elementor-element-61d80ed elementor-widget elementor-widget-heading\" data-id=\"61d80ed\" data-element_type=\"widget\" data-widget_type=\"heading.default\">\n\t\t\t\t<div class=\"elementor-widget-container\">\n\t\t\t<h2 class=\"elementor-heading-title elementor-size-default\">M\u00fc\u015fteri Faydalar\u0131:<\/h2>\t\t<\/div>\n\t\t\t\t<\/div>\n\t\t\t\t<div class=\"elementor-element elementor-element-f563456 elementor-icon-list--layout-traditional elementor-list-item-link-full_width elementor-widget elementor-widget-icon-list\" data-id=\"f563456\" data-element_type=\"widget\" data-widget_type=\"icon-list.default\">\n\t\t\t\t<div class=\"elementor-widget-container\">\n\t\t\t\t\t<ul class=\"elementor-icon-list-items\">\n\t\t\t\t\t\t\t<li class=\"elementor-icon-list-item\">\n\t\t\t\t\t\t\t\t\t\t\t<span class=\"elementor-icon-list-icon\">\n\t\t\t\t\t\t\t<i aria-hidden=\"true\" class=\"la la-thumbs-up\"><\/i>\t\t\t\t\t\t<\/span>\n\t\t\t\t\t\t\t\t\t\t<span class=\"elementor-icon-list-text\">Hikayenizi etkili bir \u015fekilde anlatarak hedef kitlenizin dikkatini \u00e7ekin.<\/span>\n\t\t\t\t\t\t\t\t\t<\/li>\n\t\t\t\t\t\t\t\t<li class=\"elementor-icon-list-item\">\n\t\t\t\t\t\t\t\t\t\t\t<span class=\"elementor-icon-list-icon\">\n\t\t\t\t\t\t\t<i aria-hidden=\"true\" class=\"la la-thumbs-up\"><\/i>\t\t\t\t\t\t<\/span>\n\t\t\t\t\t\t\t\t\t\t<span class=\"elementor-icon-list-text\">Profesyonel video i\u00e7eriklerle marka imaj\u0131n\u0131z\u0131 g\u00fc\u00e7lendirin.<\/span>\n\t\t\t\t\t\t\t\t\t<\/li>\n\t\t\t\t\t\t\t\t<li class=\"elementor-icon-list-item\">\n\t\t\t\t\t\t\t\t\t\t\t<span class=\"elementor-icon-list-icon\">\n\t\t\t\t\t\t\t<i aria-hidden=\"true\" class=\"la la-thumbs-up\"><\/i>\t\t\t\t\t\t<\/span>\n\t\t\t\t\t\t\t\t\t\t<span class=\"elementor-icon-list-text\">\u00c7e\u015fitli platformlarda payla\u015f\u0131labilir i\u00e7erikler \u00fcreterek geni\u015f bir kitleye ula\u015f\u0131n.<\/span>\n\t\t\t\t\t\t\t\t\t<\/li>\n\t\t\t\t\t\t\t\t<li class=\"elementor-icon-list-item\">\n\t\t\t\t\t\t\t\t\t\t\t<span class=\"elementor-icon-list-icon\">\n\t\t\t\t\t\t\t<i aria-hidden=\"true\" class=\"la la-thumbs-up\"><\/i>\t\t\t\t\t\t<\/span>\n\t\t\t\t\t\t\t\t\t\t<span class=\"elementor-icon-list-text\">Video analizleri ile izleyici etkile\u015fimini art\u0131rarak stratejilerinizi optimize edin.<\/span>\n\t\t\t\t\t\t\t\t\t<\/li>\n\t\t\t\t\t\t<\/ul>\n\t\t\t\t<\/div>\n\t\t\t\t<\/div>\n\t\t\t\t\t<\/div>\n\t\t\t\t<\/div>\n\t\t\t\t\t<\/div>\n\t\t\t\t<\/div>\n\t\t<div class=\"elementor-element elementor-element-f1b31ac e-flex e-con-boxed e-con e-child\" data-id=\"f1b31ac\" data-element_type=\"container\">\n\t\t\t\t\t<div class=\"e-con-inner\">\n\t\t\t\t<div class=\"elementor-element elementor-element-df134db elementor-widget elementor-widget-softgen-image\" data-id=\"df134db\" data-element_type=\"widget\" data-widget_type=\"softgen-image.default\">\n\t\t\t\t<div class=\"elementor-widget-container\">\n\t\t\t\t\t<div id=\"sg-img-df134db\" class=\"elementor-image el-image  \">\n\t\t\t\t\t\t\t\t\t\t\t\t\t\t<div class=\"el-image-wrap\">\n\t\t\t\t\t<img decoding=\"async\" width=\"1000\" height=\"650\" src=\"https:\/\/shiftsoft.co\/wp-content\/uploads\/2024\/05\/1000x650.jpg\" class=\"attachment-full size-full wp-image-1856\" alt=\"\" srcset=\"https:\/\/shiftsoft.co\/wp-content\/uploads\/2024\/05\/1000x650.jpg 1000w, https:\/\/shiftsoft.co\/wp-content\/uploads\/2024\/05\/1000x650-300x195.jpg 300w, https:\/\/shiftsoft.co\/wp-content\/uploads\/2024\/05\/1000x650-768x499.jpg 768w\" sizes=\"(max-width: 1000px) 100vw, 1000px\" \/>\t\t\t\t<\/div>\n\t\t\t\t\t\t\t\t\t\t\t<\/div>\n\t\t\t\t<\/div>\n\t\t\t\t<\/div>\n\t\t\t\t<div class=\"elementor-element elementor-element-1d98646 elementor-widget elementor-widget-softgen-image\" data-id=\"1d98646\" data-element_type=\"widget\" data-widget_type=\"softgen-image.default\">\n\t\t\t\t<div class=\"elementor-widget-container\">\n\t\t\t\t\t<div id=\"sg-img-1d98646\" class=\"elementor-image el-image  \">\n\t\t\t\t\t\t\t\t\t\t\t\t\t\t<div class=\"el-image-wrap\">\n\t\t\t\t\t<img decoding=\"async\" width=\"1000\" height=\"650\" src=\"https:\/\/shiftsoft.co\/wp-content\/uploads\/2024\/05\/1000x650.jpg\" class=\"attachment-full size-full wp-image-1856\" alt=\"\" srcset=\"https:\/\/shiftsoft.co\/wp-content\/uploads\/2024\/05\/1000x650.jpg 1000w, https:\/\/shiftsoft.co\/wp-content\/uploads\/2024\/05\/1000x650-300x195.jpg 300w, https:\/\/shiftsoft.co\/wp-content\/uploads\/2024\/05\/1000x650-768x499.jpg 768w\" sizes=\"(max-width: 1000px) 100vw, 1000px\" \/>\t\t\t\t<\/div>\n\t\t\t\t\t\t\t\t\t\t\t<\/div>\n\t\t\t\t<\/div>\n\t\t\t\t<\/div>\n\t\t\t\t\t<\/div>\n\t\t\t\t<\/div>\n\t\t\t\t<div class=\"elementor-element elementor-element-b12b94e elementor-widget elementor-widget-heading\" data-id=\"b12b94e\" data-element_type=\"widget\" data-widget_type=\"heading.default\">\n\t\t\t\t<div class=\"elementor-widget-container\">\n\t\t\t<h2 class=\"elementor-heading-title elementor-size-default\">\u00c7\u00f6z\u00fcm ve Sonu\u00e7lar:<\/h2>\t\t<\/div>\n\t\t\t\t<\/div>\n\t\t\t\t<div class=\"elementor-element elementor-element-09a5d14 elementor-widget elementor-widget-text-editor\" data-id=\"09a5d14\" data-element_type=\"widget\" data-widget_type=\"text-editor.default\">\n\t\t\t\t<div class=\"elementor-widget-container\">\n\t\t\t\t\t\t\t<p>Markan\u0131z i\u00e7in etkili video i\u00e7erikler olu\u015fturmak, dijital varl\u0131\u011f\u0131n\u0131z\u0131 g\u00fc\u00e7lendirmek i\u00e7in kapsaml\u0131 bir s\u00fcre\u00e7 gerektirir. Uzman ekibimiz, ihtiya\u00e7lar\u0131n\u0131za uygun yarat\u0131c\u0131 ve profesyonel video \u00e7\u00f6z\u00fcmleri sunarak markan\u0131z\u0131 en iyi \u015fekilde temsil eder.<\/p><p>Sundu\u011fumuz \u00e7\u00f6z\u00fcmlerle, video i\u00e7eriklerinizi stratejik bir avantaj haline getirerek m\u00fc\u015fteri etkile\u015fimini art\u0131rabilir ve pazardaki g\u00f6r\u00fcn\u00fcrl\u00fc\u011f\u00fcn\u00fcz\u00fc g\u00fc\u00e7lendirebilirsiniz. Sonu\u00e7 olarak, video i\u00e7erik \u00fcretimi ile markan\u0131z\u0131n hikayesini etkileyici bir \u015fekilde sunarak i\u015f b\u00fcy\u00fcmenizi desteklersiniz.<\/p>\t\t\t\t\t\t<\/div>\n\t\t\t\t<\/div>\n\t\t\t\t<\/div>\n\t\t<div class=\"elementor-element elementor-element-bc4af20 e-con-full e-flex e-con e-child\" data-id=\"bc4af20\" data-element_type=\"container\">\n\t\t<div class=\"elementor-element elementor-element-16199d4 e-con-full e-flex e-con e-child\" data-id=\"16199d4\" data-element_type=\"container\">\n\t\t\t\t<div class=\"elementor-element elementor-element-9e489e6 elementor-widget elementor-widget-softgen-section-heading\" data-id=\"9e489e6\" data-element_type=\"widget\" data-widget_type=\"softgen-section-heading.default\">\n\t\t\t\t<div class=\"elementor-widget-container\">\n\t\t\t        <div class=\"el-section-heading\">\n            <div class=\"content-wrapper\">\n                            <h2 class=\"sg-heading is-border\">\n            <span>Hizmet Listesi:<\/span>            <\/h2>\n                    <\/div>\n        <\/div>\n        \t\t<\/div>\n\t\t\t\t<\/div>\n\t\t\t\t<div class=\"elementor-element elementor-element-88961c0 elementor-icon-list--layout-traditional elementor-list-item-link-full_width elementor-widget elementor-widget-icon-list\" data-id=\"88961c0\" data-element_type=\"widget\" data-widget_type=\"icon-list.default\">\n\t\t\t\t<div class=\"elementor-widget-container\">\n\t\t\t\t\t<ul class=\"elementor-icon-list-items\">\n\t\t\t\t\t\t\t<li class=\"elementor-icon-list-item\">\n\t\t\t\t\t\t\t\t\t\t\t<a href=\"https:\/\/shiftsoft.co\/index.php\/itibar-yonetimi\/\">\n\n\t\t\t\t\t\t\t\t\t\t\t\t<span class=\"elementor-icon-list-icon\">\n\t\t\t\t\t\t\t<i aria-hidden=\"true\" class=\"la la-dot-circle\"><\/i>\t\t\t\t\t\t<\/span>\n\t\t\t\t\t\t\t\t\t\t<span class=\"elementor-icon-list-text\">\u0130tibar Y\u00f6netimi<\/span>\n\t\t\t\t\t\t\t\t\t\t\t<\/a>\n\t\t\t\t\t\t\t\t\t<\/li>\n\t\t\t\t\t\t\t\t<li class=\"elementor-icon-list-item\">\n\t\t\t\t\t\t\t\t\t\t\t<a href=\"https:\/\/shiftsoft.co\/index.php\/sosyal-medya-yonetimi\/\">\n\n\t\t\t\t\t\t\t\t\t\t\t\t<span class=\"elementor-icon-list-icon\">\n\t\t\t\t\t\t\t<i aria-hidden=\"true\" class=\"la la-dot-circle\"><\/i>\t\t\t\t\t\t<\/span>\n\t\t\t\t\t\t\t\t\t\t<span class=\"elementor-icon-list-text\">Sosyal Medya Y\u00f6netimi<\/span>\n\t\t\t\t\t\t\t\t\t\t\t<\/a>\n\t\t\t\t\t\t\t\t\t<\/li>\n\t\t\t\t\t\t\t\t<li class=\"elementor-icon-list-item\">\n\t\t\t\t\t\t\t\t\t\t\t<a href=\"https:\/\/shiftsoft.co\/index.php\/web-gelistirme\/\">\n\n\t\t\t\t\t\t\t\t\t\t\t\t<span class=\"elementor-icon-list-icon\">\n\t\t\t\t\t\t\t<i aria-hidden=\"true\" class=\"la la-dot-circle\"><\/i>\t\t\t\t\t\t<\/span>\n\t\t\t\t\t\t\t\t\t\t<span class=\"elementor-icon-list-text\">Web Geli\u015ftirme<\/span>\n\t\t\t\t\t\t\t\t\t\t\t<\/a>\n\t\t\t\t\t\t\t\t\t<\/li>\n\t\t\t\t\t\t\t\t<li class=\"elementor-icon-list-item\">\n\t\t\t\t\t\t\t\t\t\t\t<a href=\"https:\/\/shiftsoft.co\/index.php\/dijital-pazarlama\/\">\n\n\t\t\t\t\t\t\t\t\t\t\t\t<span class=\"elementor-icon-list-icon\">\n\t\t\t\t\t\t\t<i aria-hidden=\"true\" class=\"la la-dot-circle\"><\/i>\t\t\t\t\t\t<\/span>\n\t\t\t\t\t\t\t\t\t\t<span class=\"elementor-icon-list-text\">Dijital Pazarlama<\/span>\n\t\t\t\t\t\t\t\t\t\t\t<\/a>\n\t\t\t\t\t\t\t\t\t<\/li>\n\t\t\t\t\t\t\t\t<li class=\"elementor-icon-list-item\">\n\t\t\t\t\t\t\t\t\t\t\t<a href=\"https:\/\/shiftsoft.co\/index.php\/grafik-tasarim\/\">\n\n\t\t\t\t\t\t\t\t\t\t\t\t<span class=\"elementor-icon-list-icon\">\n\t\t\t\t\t\t\t<i aria-hidden=\"true\" class=\"la la-dot-circle\"><\/i>\t\t\t\t\t\t<\/span>\n\t\t\t\t\t\t\t\t\t\t<span class=\"elementor-icon-list-text\">Grafik Tasar\u0131m<\/span>\n\t\t\t\t\t\t\t\t\t\t\t<\/a>\n\t\t\t\t\t\t\t\t\t<\/li>\n\t\t\t\t\t\t\t\t<li class=\"elementor-icon-list-item\">\n\t\t\t\t\t\t\t\t\t\t\t<a href=\"https:\/\/shiftsoft.co\/index.php\/veri-analizi-ve-raporlama\/\">\n\n\t\t\t\t\t\t\t\t\t\t\t\t<span class=\"elementor-icon-list-icon\">\n\t\t\t\t\t\t\t<i aria-hidden=\"true\" class=\"la la-dot-circle\"><\/i>\t\t\t\t\t\t<\/span>\n\t\t\t\t\t\t\t\t\t\t<span class=\"elementor-icon-list-text\">Veri Analizi ve Raporlama<\/span>\n\t\t\t\t\t\t\t\t\t\t\t<\/a>\n\t\t\t\t\t\t\t\t\t<\/li>\n\t\t\t\t\t\t\t\t<li class=\"elementor-icon-list-item\">\n\t\t\t\t\t\t\t\t\t\t\t<a href=\"https:\/\/shiftsoft.co\/index.php\/video-icerik-uretimi\/\">\n\n\t\t\t\t\t\t\t\t\t\t\t\t<span class=\"elementor-icon-list-icon\">\n\t\t\t\t\t\t\t<i aria-hidden=\"true\" class=\"la la-dot-circle\"><\/i>\t\t\t\t\t\t<\/span>\n\t\t\t\t\t\t\t\t\t\t<span class=\"elementor-icon-list-text\">Video \u0130\u00e7erik \u00dcretimi<\/span>\n\t\t\t\t\t\t\t\t\t\t\t<\/a>\n\t\t\t\t\t\t\t\t\t<\/li>\n\t\t\t\t\t\t\t\t<li class=\"elementor-icon-list-item\">\n\t\t\t\t\t\t\t\t\t\t\t<a href=\"https:\/\/shiftsoft.co\/index.php\/e-posta-pazarlama\/\">\n\n\t\t\t\t\t\t\t\t\t\t\t\t<span class=\"elementor-icon-list-icon\">\n\t\t\t\t\t\t\t<i aria-hidden=\"true\" class=\"la la-dot-circle\"><\/i>\t\t\t\t\t\t<\/span>\n\t\t\t\t\t\t\t\t\t\t<span class=\"elementor-icon-list-text\">E-posta Pazarlama<\/span>\n\t\t\t\t\t\t\t\t\t\t\t<\/a>\n\t\t\t\t\t\t\t\t\t<\/li>\n\t\t\t\t\t\t\t\t<li class=\"elementor-icon-list-item\">\n\t\t\t\t\t\t\t\t\t\t\t<a href=\"https:\/\/shiftsoft.co\/index.php\/danismanlik-hizmetleri\/\">\n\n\t\t\t\t\t\t\t\t\t\t\t\t<span class=\"elementor-icon-list-icon\">\n\t\t\t\t\t\t\t<i aria-hidden=\"true\" class=\"la la-dot-circle\"><\/i>\t\t\t\t\t\t<\/span>\n\t\t\t\t\t\t\t\t\t\t<span class=\"elementor-icon-list-text\">Dan\u0131\u015fmanl\u0131k Hizmetleri<\/span>\n\t\t\t\t\t\t\t\t\t\t\t<\/a>\n\t\t\t\t\t\t\t\t\t<\/li>\n\t\t\t\t\t\t\t\t<li class=\"elementor-icon-list-item\">\n\t\t\t\t\t\t\t\t\t\t\t<a href=\"https:\/\/shiftsoft.co\/index.php\/mobil-uygulama-gelistirme\/\">\n\n\t\t\t\t\t\t\t\t\t\t\t\t<span class=\"elementor-icon-list-icon\">\n\t\t\t\t\t\t\t<i aria-hidden=\"true\" class=\"la la-dot-circle\"><\/i>\t\t\t\t\t\t<\/span>\n\t\t\t\t\t\t\t\t\t\t<span class=\"elementor-icon-list-text\">Mobil Uygulama Geli\u015ftirme<\/span>\n\t\t\t\t\t\t\t\t\t\t\t<\/a>\n\t\t\t\t\t\t\t\t\t<\/li>\n\t\t\t\t\t\t\t\t<li class=\"elementor-icon-list-item\">\n\t\t\t\t\t\t\t\t\t\t\t<a href=\"https:\/\/shiftsoft.co\/index.php\/fotograf-ve-video-hizmetleri\/\">\n\n\t\t\t\t\t\t\t\t\t\t\t\t<span class=\"elementor-icon-list-icon\">\n\t\t\t\t\t\t\t<i aria-hidden=\"true\" class=\"la la-dot-circle\"><\/i>\t\t\t\t\t\t<\/span>\n\t\t\t\t\t\t\t\t\t\t<span class=\"elementor-icon-list-text\">Foto\u011fraf ve Video Hizmetleri<\/span>\n\t\t\t\t\t\t\t\t\t\t\t<\/a>\n\t\t\t\t\t\t\t\t\t<\/li>\n\t\t\t\t\t\t<\/ul>\n\t\t\t\t<\/div>\n\t\t\t\t<\/div>\n\t\t\t\t<\/div>\n\t\t<div class=\"elementor-element elementor-element-4a21bcb e-flex e-con-boxed e-con e-child\" data-id=\"4a21bcb\" data-element_type=\"container\">\n\t\t\t\t\t<div class=\"e-con-inner\">\n\t\t\t\t<div class=\"elementor-element elementor-element-8c8ce49 elementor-widget elementor-widget-softgen-section-heading\" data-id=\"8c8ce49\" data-element_type=\"widget\" data-widget_type=\"softgen-section-heading.default\">\n\t\t\t\t<div class=\"elementor-widget-container\">\n\t\t\t        <div class=\"el-section-heading\">\n            <div class=\"content-wrapper\">\n                            <h2 class=\"sg-heading is-border\">\n            <span>Company Profile:<\/span>            <\/h2>\n                    <\/div>\n        <\/div>\n        \t\t<\/div>\n\t\t\t\t<\/div>\n\t\t\t\t<div class=\"elementor-element elementor-element-5983633 el-display-block el-btn-align-left elementor-widget elementor-widget-softgen-button\" data-id=\"5983633\" data-element_type=\"widget\" data-widget_type=\"softgen-button.default\">\n\t\t\t\t<div class=\"elementor-widget-container\">\n\t\t\t\n        <div class=\"el-btn-wrap\">\n                        <a href=\"#\" rel=\"nofollow\" class=\"sg-theme-btn btn-1  has-icon\" id=\"\">\n                <span >Download File<\/span>\n                <i aria-hidden=\"true\" class=\"la la-file-alt\"><\/i>            <\/a>\n                    <a href=\"#\" class=\"sg-theme-btn btn-2  has-icon\" id=\"\">\n                <span >Download PDF<\/span>\n                <i aria-hidden=\"true\" class=\"la la-file-pdf\"><\/i>            <\/a>\n                <\/div>\n        \t\t<\/div>\n\t\t\t\t<\/div>\n\t\t\t\t\t<\/div>\n\t\t\t\t<\/div>\n\t\t<div class=\"elementor-element elementor-element-892130b e-flex e-con-boxed e-con e-child\" data-id=\"892130b\" data-element_type=\"container\">\n\t\t\t\t\t<div class=\"e-con-inner\">\n\t\t\t\t<div class=\"elementor-element elementor-element-79dfa55 elementor-widget elementor-widget-softgen-image\" data-id=\"79dfa55\" data-element_type=\"widget\" data-widget_type=\"softgen-image.default\">\n\t\t\t\t<div class=\"elementor-widget-container\">\n\t\t\t\t\t<div id=\"sg-img-79dfa55\" class=\"elementor-image el-image  \">\n\t\t\t\t\t\t\t\t\t\t\t\t\t\t<div class=\"el-image-wrap\">\n\t\t\t\t\t<img decoding=\"async\" width=\"300\" height=\"400\" src=\"https:\/\/shiftsoft.co\/wp-content\/uploads\/2024\/05\/300x400.jpg\" class=\"attachment-full size-full wp-image-1900\" alt=\"\" srcset=\"https:\/\/shiftsoft.co\/wp-content\/uploads\/2024\/05\/300x400.jpg 300w, https:\/\/shiftsoft.co\/wp-content\/uploads\/2024\/05\/300x400-225x300.jpg 225w\" sizes=\"(max-width: 300px) 100vw, 300px\" \/>\t\t\t\t<\/div>\n\t\t\t\t\t\t\t\t\t\t\t<\/div>\n\t\t\t\t<\/div>\n\t\t\t\t<\/div>\n\t\t\t\t\t<\/div>\n\t\t\t\t<\/div>\n\t\t\t\t<\/div>\n\t\t\t\t\t<\/div>\n\t\t\t\t<\/div>\n\t\t\t\t<\/div>\n\t\t","protected":false},"excerpt":{"rendered":"<p>Video \u0130\u00e7erik \u00dcretimi: Hikayenizi G\u00f6rsel Olarak Anlat\u0131n! Video i\u00e7erik, dijital pazarlaman\u0131n en etkili ara\u00e7lar\u0131ndan biridir. Hedef kitlenizle g\u00fc\u00e7l\u00fc bir ba\u011f kurmak ve mesaj\u0131n\u0131z\u0131 etkili bir \u015fekilde iletmek i\u00e7in profesyonel video i\u00e7erik \u00fcretimi \u015fartt\u0131r. G\u00f6rsel ve i\u015fitsel unsurlar\u0131 bir araya getirerek markan\u0131z\u0131n hikayesini en etkileyici \u015fekilde sunar. Hizmet \u00d6zeti: Konsept geli\u015ftirme ve senaryo yaz\u0131m\u0131 Profesyonel video [&hellip;]<\/p>\n","protected":false},"author":1,"featured_media":0,"parent":0,"menu_order":0,"comment_status":"closed","ping_status":"closed","template":"elementor-template.php","meta":{"_acf_changed":false,"_monsterinsights_skip_tracking":false,"_monsterinsights_sitenote_active":false,"_monsterinsights_sitenote_note":"","_monsterinsights_sitenote_category":0,"footnotes":""},"class_list":["post-2063","page","type-page","status-publish","hentry"],"acf":[],"aioseo_notices":[],"_links":{"self":[{"href":"https:\/\/shiftsoft.co\/index.php\/wp-json\/wp\/v2\/pages\/2063","targetHints":{"allow":["GET"]}}],"collection":[{"href":"https:\/\/shiftsoft.co\/index.php\/wp-json\/wp\/v2\/pages"}],"about":[{"href":"https:\/\/shiftsoft.co\/index.php\/wp-json\/wp\/v2\/types\/page"}],"author":[{"embeddable":true,"href":"https:\/\/shiftsoft.co\/index.php\/wp-json\/wp\/v2\/users\/1"}],"replies":[{"embeddable":true,"href":"https:\/\/shiftsoft.co\/index.php\/wp-json\/wp\/v2\/comments?post=2063"}],"version-history":[{"count":14,"href":"https:\/\/shiftsoft.co\/index.php\/wp-json\/wp\/v2\/pages\/2063\/revisions"}],"predecessor-version":[{"id":2250,"href":"https:\/\/shiftsoft.co\/index.php\/wp-json\/wp\/v2\/pages\/2063\/revisions\/2250"}],"wp:attachment":[{"href":"https:\/\/shiftsoft.co\/index.php\/wp-json\/wp\/v2\/media?parent=2063"}],"curies":[{"name":"wp","href":"https:\/\/api.w.org\/{rel}","templated":true}]}}