{"id":2060,"date":"2024-09-25T19:45:06","date_gmt":"2024-09-25T19:45:06","guid":{"rendered":"https:\/\/shiftsoft.co\/?page_id=2060"},"modified":"2024-09-25T21:20:59","modified_gmt":"2024-09-25T21:20:59","slug":"dijital-pazarlama","status":"publish","type":"page","link":"https:\/\/shiftsoft.co\/index.php\/dijital-pazarlama\/","title":{"rendered":"Dijital Pazarlama"},"content":{"rendered":"\t\t<div data-elementor-type=\"wp-page\" data-elementor-id=\"2060\" class=\"elementor elementor-2060\">\n\t\t\t\t<div class=\"elementor-element elementor-element-cf808eb e-flex e-con-boxed e-con e-parent\" data-id=\"cf808eb\" data-element_type=\"container\">\n\t\t\t\t\t<div class=\"e-con-inner\">\n\t\t<div class=\"elementor-element elementor-element-0d4a9c9 e-con-full e-flex e-con e-child\" data-id=\"0d4a9c9\" data-element_type=\"container\">\n\t\t\t\t<div class=\"elementor-element elementor-element-e183334 elementor-widget elementor-widget-heading\" data-id=\"e183334\" data-element_type=\"widget\" data-widget_type=\"heading.default\">\n\t\t\t\t<div class=\"elementor-widget-container\">\n\t\t\t<h2 class=\"elementor-heading-title elementor-size-default\">Dijital Pazarlama: Markan\u0131z\u0131 Dijital D\u00fcnyada B\u00fcy\u00fct\u00fcn!\n<\/h2>\t\t<\/div>\n\t\t\t\t<\/div>\n\t\t\t\t<div class=\"elementor-element elementor-element-48086b1 elementor-widget elementor-widget-softgen-image\" data-id=\"48086b1\" data-element_type=\"widget\" data-widget_type=\"softgen-image.default\">\n\t\t\t\t<div class=\"elementor-widget-container\">\n\t\t\t\t\t<div id=\"sg-img-48086b1\" class=\"elementor-image el-image  \">\n\t\t\t\t\t\t\t\t\t\t\t\t\t\t<div class=\"el-image-wrap\">\n\t\t\t\t\t<img fetchpriority=\"high\" decoding=\"async\" width=\"1000\" height=\"600\" src=\"https:\/\/shiftsoft.co\/wp-content\/uploads\/2024\/09\/diji.png\" class=\"attachment-full size-full wp-image-2230\" alt=\"\" srcset=\"https:\/\/shiftsoft.co\/wp-content\/uploads\/2024\/09\/diji.png 1000w, https:\/\/shiftsoft.co\/wp-content\/uploads\/2024\/09\/diji-300x180.png 300w, https:\/\/shiftsoft.co\/wp-content\/uploads\/2024\/09\/diji-768x461.png 768w\" sizes=\"(max-width: 1000px) 100vw, 1000px\" \/>\t\t\t\t<\/div>\n\t\t\t\t\t\t\t\t\t\t\t<\/div>\n\t\t\t\t<\/div>\n\t\t\t\t<\/div>\n\t\t\t\t<div class=\"elementor-element elementor-element-e5d57c9 elementor-widget elementor-widget-text-editor\" data-id=\"e5d57c9\" data-element_type=\"widget\" data-widget_type=\"text-editor.default\">\n\t\t\t\t<div class=\"elementor-widget-container\">\n\t\t\t\t\t\t\t<p>Dijital pazarlama, markalar\u0131n hedef kitlelerine ula\u015fma ve etkile\u015fim sa\u011flama y\u00f6ntemlerini s\u00fcrekli olarak evrilen bir aland\u0131r. Rekabetin yo\u011fun oldu\u011fu bu dijital ortamda, etkili bir pazarlama stratejisi geli\u015ftirmek, markan\u0131z\u0131n ba\u015far\u0131s\u0131 i\u00e7in kritik bir \u00f6neme sahiptir.<\/p>\t\t\t\t\t\t<\/div>\n\t\t\t\t<\/div>\n\t\t<div class=\"elementor-element elementor-element-e59e3ac e-flex e-con-boxed e-con e-child\" data-id=\"e59e3ac\" data-element_type=\"container\">\n\t\t\t\t\t<div class=\"e-con-inner\">\n\t\t<div class=\"elementor-element elementor-element-b60fac6 e-flex e-con-boxed e-con e-child\" data-id=\"b60fac6\" data-element_type=\"container\">\n\t\t\t\t\t<div class=\"e-con-inner\">\n\t\t\t\t<div class=\"elementor-element elementor-element-110e4a8 elementor-widget elementor-widget-heading\" data-id=\"110e4a8\" data-element_type=\"widget\" data-widget_type=\"heading.default\">\n\t\t\t\t<div class=\"elementor-widget-container\">\n\t\t\t<h2 class=\"elementor-heading-title elementor-size-default\">Hizmet \u00d6zeti:<\/h2>\t\t<\/div>\n\t\t\t\t<\/div>\n\t\t\t\t<div class=\"elementor-element elementor-element-c3f640c elementor-icon-list--layout-traditional elementor-list-item-link-full_width elementor-widget elementor-widget-icon-list\" data-id=\"c3f640c\" data-element_type=\"widget\" data-widget_type=\"icon-list.default\">\n\t\t\t\t<div class=\"elementor-widget-container\">\n\t\t\t\t\t<ul class=\"elementor-icon-list-items\">\n\t\t\t\t\t\t\t<li class=\"elementor-icon-list-item\">\n\t\t\t\t\t\t\t\t\t\t\t<span class=\"elementor-icon-list-icon\">\n\t\t\t\t\t\t\t<i aria-hidden=\"true\" class=\"la la-thumbs-up\"><\/i>\t\t\t\t\t\t<\/span>\n\t\t\t\t\t\t\t\t\t\t<span class=\"elementor-icon-list-text\">Hedef kitle analizi ve pazar ara\u015ft\u0131rmas\u0131<\/span>\n\t\t\t\t\t\t\t\t\t<\/li>\n\t\t\t\t\t\t\t\t<li class=\"elementor-icon-list-item\">\n\t\t\t\t\t\t\t\t\t\t\t<span class=\"elementor-icon-list-icon\">\n\t\t\t\t\t\t\t<i aria-hidden=\"true\" class=\"la la-thumbs-up\"><\/i>\t\t\t\t\t\t<\/span>\n\t\t\t\t\t\t\t\t\t\t<span class=\"elementor-icon-list-text\">Arama motoru optimizasyonu (SEO) ve i\u00e7erik pazarlamas\u0131<\/span>\n\t\t\t\t\t\t\t\t\t<\/li>\n\t\t\t\t\t\t\t\t<li class=\"elementor-icon-list-item\">\n\t\t\t\t\t\t\t\t\t\t\t<span class=\"elementor-icon-list-icon\">\n\t\t\t\t\t\t\t<i aria-hidden=\"true\" class=\"la la-thumbs-up\"><\/i>\t\t\t\t\t\t<\/span>\n\t\t\t\t\t\t\t\t\t\t<span class=\"elementor-icon-list-text\">Sosyal medya reklamlar\u0131 ve y\u00f6netimi<\/span>\n\t\t\t\t\t\t\t\t\t<\/li>\n\t\t\t\t\t\t\t\t<li class=\"elementor-icon-list-item\">\n\t\t\t\t\t\t\t\t\t\t\t<span class=\"elementor-icon-list-icon\">\n\t\t\t\t\t\t\t<i aria-hidden=\"true\" class=\"la la-thumbs-up\"><\/i>\t\t\t\t\t\t<\/span>\n\t\t\t\t\t\t\t\t\t\t<span class=\"elementor-icon-list-text\">E-posta pazarlama kampanyalar\u0131 ve analizleri<\/span>\n\t\t\t\t\t\t\t\t\t<\/li>\n\t\t\t\t\t\t<\/ul>\n\t\t\t\t<\/div>\n\t\t\t\t<\/div>\n\t\t\t\t\t<\/div>\n\t\t\t\t<\/div>\n\t\t<div class=\"elementor-element elementor-element-6cbd6b7 e-flex e-con-boxed e-con e-child\" data-id=\"6cbd6b7\" data-element_type=\"container\">\n\t\t\t\t\t<div class=\"e-con-inner\">\n\t\t\t\t<div class=\"elementor-element elementor-element-d222039 elementor-widget elementor-widget-heading\" data-id=\"d222039\" data-element_type=\"widget\" data-widget_type=\"heading.default\">\n\t\t\t\t<div class=\"elementor-widget-container\">\n\t\t\t<h2 class=\"elementor-heading-title elementor-size-default\">M\u00fc\u015fteri Faydalar\u0131:<\/h2>\t\t<\/div>\n\t\t\t\t<\/div>\n\t\t\t\t<div class=\"elementor-element elementor-element-25b043b elementor-icon-list--layout-traditional elementor-list-item-link-full_width elementor-widget elementor-widget-icon-list\" data-id=\"25b043b\" data-element_type=\"widget\" data-widget_type=\"icon-list.default\">\n\t\t\t\t<div class=\"elementor-widget-container\">\n\t\t\t\t\t<ul class=\"elementor-icon-list-items\">\n\t\t\t\t\t\t\t<li class=\"elementor-icon-list-item\">\n\t\t\t\t\t\t\t\t\t\t\t<span class=\"elementor-icon-list-icon\">\n\t\t\t\t\t\t\t<i aria-hidden=\"true\" class=\"la la-thumbs-up\"><\/i>\t\t\t\t\t\t<\/span>\n\t\t\t\t\t\t\t\t\t\t<span class=\"elementor-icon-list-text\">Hedef kitlenizi daha iyi anlayarak \u00f6zelle\u015ftirilmi\u015f pazarlama stratejileri olu\u015fturun.<\/span>\n\t\t\t\t\t\t\t\t\t<\/li>\n\t\t\t\t\t\t\t\t<li class=\"elementor-icon-list-item\">\n\t\t\t\t\t\t\t\t\t\t\t<span class=\"elementor-icon-list-icon\">\n\t\t\t\t\t\t\t<i aria-hidden=\"true\" class=\"la la-thumbs-up\"><\/i>\t\t\t\t\t\t<\/span>\n\t\t\t\t\t\t\t\t\t\t<span class=\"elementor-icon-list-text\">Arama motorlar\u0131nda g\u00f6r\u00fcn\u00fcrl\u00fc\u011f\u00fcn\u00fcz\u00fc art\u0131rarak organik trafik elde edin.<\/span>\n\t\t\t\t\t\t\t\t\t<\/li>\n\t\t\t\t\t\t\t\t<li class=\"elementor-icon-list-item\">\n\t\t\t\t\t\t\t\t\t\t\t<span class=\"elementor-icon-list-icon\">\n\t\t\t\t\t\t\t<i aria-hidden=\"true\" class=\"la la-thumbs-up\"><\/i>\t\t\t\t\t\t<\/span>\n\t\t\t\t\t\t\t\t\t\t<span class=\"elementor-icon-list-text\">Sosyal medya platformlar\u0131 \u00fczerinden marka bilinirli\u011finizi g\u00fc\u00e7lendirin.<\/span>\n\t\t\t\t\t\t\t\t\t<\/li>\n\t\t\t\t\t\t\t\t<li class=\"elementor-icon-list-item\">\n\t\t\t\t\t\t\t\t\t\t\t<span class=\"elementor-icon-list-icon\">\n\t\t\t\t\t\t\t<i aria-hidden=\"true\" class=\"la la-thumbs-up\"><\/i>\t\t\t\t\t\t<\/span>\n\t\t\t\t\t\t\t\t\t\t<span class=\"elementor-icon-list-text\">E-posta kampanyalar\u0131yla do\u011frudan m\u00fc\u015fteri ili\u015fkilerinizi geli\u015ftirin ve sat\u0131\u015flar\u0131n\u0131z\u0131 art\u0131r\u0131n.<\/span>\n\t\t\t\t\t\t\t\t\t<\/li>\n\t\t\t\t\t\t<\/ul>\n\t\t\t\t<\/div>\n\t\t\t\t<\/div>\n\t\t\t\t\t<\/div>\n\t\t\t\t<\/div>\n\t\t\t\t\t<\/div>\n\t\t\t\t<\/div>\n\t\t<div class=\"elementor-element elementor-element-db1dbc5 e-flex e-con-boxed e-con e-child\" data-id=\"db1dbc5\" data-element_type=\"container\">\n\t\t\t\t\t<div class=\"e-con-inner\">\n\t\t\t\t<div class=\"elementor-element elementor-element-4867ab6 elementor-widget elementor-widget-softgen-image\" data-id=\"4867ab6\" data-element_type=\"widget\" data-widget_type=\"softgen-image.default\">\n\t\t\t\t<div class=\"elementor-widget-container\">\n\t\t\t\t\t<div id=\"sg-img-4867ab6\" class=\"elementor-image el-image  \">\n\t\t\t\t\t\t\t\t\t\t\t\t\t\t<div class=\"el-image-wrap\">\n\t\t\t\t\t<img decoding=\"async\" width=\"1000\" height=\"650\" src=\"https:\/\/shiftsoft.co\/wp-content\/uploads\/2024\/05\/1000x650.jpg\" class=\"attachment-full size-full wp-image-1856\" alt=\"\" srcset=\"https:\/\/shiftsoft.co\/wp-content\/uploads\/2024\/05\/1000x650.jpg 1000w, https:\/\/shiftsoft.co\/wp-content\/uploads\/2024\/05\/1000x650-300x195.jpg 300w, https:\/\/shiftsoft.co\/wp-content\/uploads\/2024\/05\/1000x650-768x499.jpg 768w\" sizes=\"(max-width: 1000px) 100vw, 1000px\" \/>\t\t\t\t<\/div>\n\t\t\t\t\t\t\t\t\t\t\t<\/div>\n\t\t\t\t<\/div>\n\t\t\t\t<\/div>\n\t\t\t\t<div class=\"elementor-element elementor-element-3282a14 elementor-widget elementor-widget-softgen-image\" data-id=\"3282a14\" data-element_type=\"widget\" data-widget_type=\"softgen-image.default\">\n\t\t\t\t<div class=\"elementor-widget-container\">\n\t\t\t\t\t<div id=\"sg-img-3282a14\" class=\"elementor-image el-image  \">\n\t\t\t\t\t\t\t\t\t\t\t\t\t\t<div class=\"el-image-wrap\">\n\t\t\t\t\t<img decoding=\"async\" width=\"1000\" height=\"650\" src=\"https:\/\/shiftsoft.co\/wp-content\/uploads\/2024\/05\/1000x650.jpg\" class=\"attachment-full size-full wp-image-1856\" alt=\"\" srcset=\"https:\/\/shiftsoft.co\/wp-content\/uploads\/2024\/05\/1000x650.jpg 1000w, https:\/\/shiftsoft.co\/wp-content\/uploads\/2024\/05\/1000x650-300x195.jpg 300w, https:\/\/shiftsoft.co\/wp-content\/uploads\/2024\/05\/1000x650-768x499.jpg 768w\" sizes=\"(max-width: 1000px) 100vw, 1000px\" \/>\t\t\t\t<\/div>\n\t\t\t\t\t\t\t\t\t\t\t<\/div>\n\t\t\t\t<\/div>\n\t\t\t\t<\/div>\n\t\t\t\t\t<\/div>\n\t\t\t\t<\/div>\n\t\t\t\t<div class=\"elementor-element elementor-element-d092a35 elementor-widget elementor-widget-heading\" data-id=\"d092a35\" data-element_type=\"widget\" data-widget_type=\"heading.default\">\n\t\t\t\t<div class=\"elementor-widget-container\">\n\t\t\t<h2 class=\"elementor-heading-title elementor-size-default\">\u00c7\u00f6z\u00fcm ve Sonu\u00e7lar:<\/h2>\t\t<\/div>\n\t\t\t\t<\/div>\n\t\t\t\t<div class=\"elementor-element elementor-element-ccdcc65 elementor-widget elementor-widget-text-editor\" data-id=\"ccdcc65\" data-element_type=\"widget\" data-widget_type=\"text-editor.default\">\n\t\t\t\t<div class=\"elementor-widget-container\">\n\t\t\t\t\t\t\t<p>Markan\u0131z\u0131n dijital ortamda b\u00fcy\u00fcmesini sa\u011flamak i\u00e7in kapsaml\u0131 bir dijital pazarlama stratejisi geli\u015ftirmek \u015fartt\u0131r. Uzman ekibimiz, pazar trendlerini analiz ederek size \u00f6zel pazarlama planlar\u0131 olu\u015fturur.<\/p><p>Sundu\u011fumuz \u00e7\u00f6z\u00fcmlerle, dijital kanallarda etkili bir varl\u0131k olu\u015fturarak m\u00fc\u015fteri etkile\u015fimini art\u0131rabilir, marka sadakatini g\u00fc\u00e7lendirebilir ve sonu\u00e7 odakl\u0131 kampanyalarla i\u015finizi b\u00fcy\u00fctebilirsiniz. Sonu\u00e7 olarak, dijital pazarlama stratejiniz sayesinde rekabetin yo\u011fun oldu\u011fu pazarda \u00f6ne \u00e7\u0131karak s\u00fcrd\u00fcr\u00fclebilir bir b\u00fcy\u00fcme elde edersiniz.<\/p>\t\t\t\t\t\t<\/div>\n\t\t\t\t<\/div>\n\t\t\t\t<\/div>\n\t\t<div class=\"elementor-element elementor-element-e0a795f e-con-full e-flex e-con e-child\" data-id=\"e0a795f\" data-element_type=\"container\">\n\t\t<div class=\"elementor-element elementor-element-522c14f e-con-full e-flex e-con e-child\" data-id=\"522c14f\" data-element_type=\"container\">\n\t\t\t\t<div class=\"elementor-element elementor-element-88e6207 elementor-widget elementor-widget-softgen-section-heading\" data-id=\"88e6207\" data-element_type=\"widget\" data-widget_type=\"softgen-section-heading.default\">\n\t\t\t\t<div class=\"elementor-widget-container\">\n\t\t\t        <div class=\"el-section-heading\">\n            <div class=\"content-wrapper\">\n                            <h2 class=\"sg-heading is-border\">\n            <span>Hizmet Listesi:<\/span>            <\/h2>\n                    <\/div>\n        <\/div>\n        \t\t<\/div>\n\t\t\t\t<\/div>\n\t\t\t\t<div class=\"elementor-element elementor-element-68e7076 elementor-icon-list--layout-traditional elementor-list-item-link-full_width elementor-widget elementor-widget-icon-list\" data-id=\"68e7076\" data-element_type=\"widget\" data-widget_type=\"icon-list.default\">\n\t\t\t\t<div class=\"elementor-widget-container\">\n\t\t\t\t\t<ul class=\"elementor-icon-list-items\">\n\t\t\t\t\t\t\t<li class=\"elementor-icon-list-item\">\n\t\t\t\t\t\t\t\t\t\t\t<a href=\"https:\/\/shiftsoft.co\/index.php\/itibar-yonetimi\/\">\n\n\t\t\t\t\t\t\t\t\t\t\t\t<span class=\"elementor-icon-list-icon\">\n\t\t\t\t\t\t\t<i aria-hidden=\"true\" class=\"la la-dot-circle\"><\/i>\t\t\t\t\t\t<\/span>\n\t\t\t\t\t\t\t\t\t\t<span class=\"elementor-icon-list-text\">\u0130tibar Y\u00f6netimi<\/span>\n\t\t\t\t\t\t\t\t\t\t\t<\/a>\n\t\t\t\t\t\t\t\t\t<\/li>\n\t\t\t\t\t\t\t\t<li class=\"elementor-icon-list-item\">\n\t\t\t\t\t\t\t\t\t\t\t<a href=\"https:\/\/shiftsoft.co\/index.php\/sosyal-medya-yonetimi\/\">\n\n\t\t\t\t\t\t\t\t\t\t\t\t<span class=\"elementor-icon-list-icon\">\n\t\t\t\t\t\t\t<i aria-hidden=\"true\" class=\"la la-dot-circle\"><\/i>\t\t\t\t\t\t<\/span>\n\t\t\t\t\t\t\t\t\t\t<span class=\"elementor-icon-list-text\">Sosyal Medya Y\u00f6netimi<\/span>\n\t\t\t\t\t\t\t\t\t\t\t<\/a>\n\t\t\t\t\t\t\t\t\t<\/li>\n\t\t\t\t\t\t\t\t<li class=\"elementor-icon-list-item\">\n\t\t\t\t\t\t\t\t\t\t\t<a href=\"https:\/\/shiftsoft.co\/index.php\/web-gelistirme\/\">\n\n\t\t\t\t\t\t\t\t\t\t\t\t<span class=\"elementor-icon-list-icon\">\n\t\t\t\t\t\t\t<i aria-hidden=\"true\" class=\"la la-dot-circle\"><\/i>\t\t\t\t\t\t<\/span>\n\t\t\t\t\t\t\t\t\t\t<span class=\"elementor-icon-list-text\">Web Geli\u015ftirme<\/span>\n\t\t\t\t\t\t\t\t\t\t\t<\/a>\n\t\t\t\t\t\t\t\t\t<\/li>\n\t\t\t\t\t\t\t\t<li class=\"elementor-icon-list-item\">\n\t\t\t\t\t\t\t\t\t\t\t<a href=\"https:\/\/shiftsoft.co\/index.php\/dijital-pazarlama\/\">\n\n\t\t\t\t\t\t\t\t\t\t\t\t<span class=\"elementor-icon-list-icon\">\n\t\t\t\t\t\t\t<i aria-hidden=\"true\" class=\"la la-dot-circle\"><\/i>\t\t\t\t\t\t<\/span>\n\t\t\t\t\t\t\t\t\t\t<span class=\"elementor-icon-list-text\">Dijital Pazarlama<\/span>\n\t\t\t\t\t\t\t\t\t\t\t<\/a>\n\t\t\t\t\t\t\t\t\t<\/li>\n\t\t\t\t\t\t\t\t<li class=\"elementor-icon-list-item\">\n\t\t\t\t\t\t\t\t\t\t\t<a href=\"https:\/\/shiftsoft.co\/index.php\/grafik-tasarim\/\">\n\n\t\t\t\t\t\t\t\t\t\t\t\t<span class=\"elementor-icon-list-icon\">\n\t\t\t\t\t\t\t<i aria-hidden=\"true\" class=\"la la-dot-circle\"><\/i>\t\t\t\t\t\t<\/span>\n\t\t\t\t\t\t\t\t\t\t<span class=\"elementor-icon-list-text\">Grafik Tasar\u0131m<\/span>\n\t\t\t\t\t\t\t\t\t\t\t<\/a>\n\t\t\t\t\t\t\t\t\t<\/li>\n\t\t\t\t\t\t\t\t<li class=\"elementor-icon-list-item\">\n\t\t\t\t\t\t\t\t\t\t\t<a href=\"https:\/\/shiftsoft.co\/index.php\/veri-analizi-ve-raporlama\/\">\n\n\t\t\t\t\t\t\t\t\t\t\t\t<span class=\"elementor-icon-list-icon\">\n\t\t\t\t\t\t\t<i aria-hidden=\"true\" class=\"la la-dot-circle\"><\/i>\t\t\t\t\t\t<\/span>\n\t\t\t\t\t\t\t\t\t\t<span class=\"elementor-icon-list-text\">Veri Analizi ve Raporlama<\/span>\n\t\t\t\t\t\t\t\t\t\t\t<\/a>\n\t\t\t\t\t\t\t\t\t<\/li>\n\t\t\t\t\t\t\t\t<li class=\"elementor-icon-list-item\">\n\t\t\t\t\t\t\t\t\t\t\t<a href=\"https:\/\/shiftsoft.co\/index.php\/video-icerik-uretimi\/\">\n\n\t\t\t\t\t\t\t\t\t\t\t\t<span class=\"elementor-icon-list-icon\">\n\t\t\t\t\t\t\t<i aria-hidden=\"true\" class=\"la la-dot-circle\"><\/i>\t\t\t\t\t\t<\/span>\n\t\t\t\t\t\t\t\t\t\t<span class=\"elementor-icon-list-text\">Video \u0130\u00e7erik \u00dcretimi<\/span>\n\t\t\t\t\t\t\t\t\t\t\t<\/a>\n\t\t\t\t\t\t\t\t\t<\/li>\n\t\t\t\t\t\t\t\t<li class=\"elementor-icon-list-item\">\n\t\t\t\t\t\t\t\t\t\t\t<a href=\"https:\/\/shiftsoft.co\/index.php\/e-posta-pazarlama\/\">\n\n\t\t\t\t\t\t\t\t\t\t\t\t<span class=\"elementor-icon-list-icon\">\n\t\t\t\t\t\t\t<i aria-hidden=\"true\" class=\"la la-dot-circle\"><\/i>\t\t\t\t\t\t<\/span>\n\t\t\t\t\t\t\t\t\t\t<span class=\"elementor-icon-list-text\">E-posta Pazarlama<\/span>\n\t\t\t\t\t\t\t\t\t\t\t<\/a>\n\t\t\t\t\t\t\t\t\t<\/li>\n\t\t\t\t\t\t\t\t<li class=\"elementor-icon-list-item\">\n\t\t\t\t\t\t\t\t\t\t\t<a href=\"https:\/\/shiftsoft.co\/index.php\/danismanlik-hizmetleri\/\">\n\n\t\t\t\t\t\t\t\t\t\t\t\t<span class=\"elementor-icon-list-icon\">\n\t\t\t\t\t\t\t<i aria-hidden=\"true\" class=\"la la-dot-circle\"><\/i>\t\t\t\t\t\t<\/span>\n\t\t\t\t\t\t\t\t\t\t<span class=\"elementor-icon-list-text\">Dan\u0131\u015fmanl\u0131k Hizmetleri<\/span>\n\t\t\t\t\t\t\t\t\t\t\t<\/a>\n\t\t\t\t\t\t\t\t\t<\/li>\n\t\t\t\t\t\t\t\t<li class=\"elementor-icon-list-item\">\n\t\t\t\t\t\t\t\t\t\t\t<a href=\"https:\/\/shiftsoft.co\/index.php\/mobil-uygulama-gelistirme\/\">\n\n\t\t\t\t\t\t\t\t\t\t\t\t<span class=\"elementor-icon-list-icon\">\n\t\t\t\t\t\t\t<i aria-hidden=\"true\" class=\"la la-dot-circle\"><\/i>\t\t\t\t\t\t<\/span>\n\t\t\t\t\t\t\t\t\t\t<span class=\"elementor-icon-list-text\">Mobil Uygulama Geli\u015ftirme<\/span>\n\t\t\t\t\t\t\t\t\t\t\t<\/a>\n\t\t\t\t\t\t\t\t\t<\/li>\n\t\t\t\t\t\t\t\t<li class=\"elementor-icon-list-item\">\n\t\t\t\t\t\t\t\t\t\t\t<a href=\"https:\/\/shiftsoft.co\/index.php\/fotograf-ve-video-hizmetleri\/\">\n\n\t\t\t\t\t\t\t\t\t\t\t\t<span class=\"elementor-icon-list-icon\">\n\t\t\t\t\t\t\t<i aria-hidden=\"true\" class=\"la la-dot-circle\"><\/i>\t\t\t\t\t\t<\/span>\n\t\t\t\t\t\t\t\t\t\t<span class=\"elementor-icon-list-text\">Foto\u011fraf ve Video Hizmetleri<\/span>\n\t\t\t\t\t\t\t\t\t\t\t<\/a>\n\t\t\t\t\t\t\t\t\t<\/li>\n\t\t\t\t\t\t<\/ul>\n\t\t\t\t<\/div>\n\t\t\t\t<\/div>\n\t\t\t\t<\/div>\n\t\t<div class=\"elementor-element elementor-element-14d1d3e e-flex e-con-boxed e-con e-child\" data-id=\"14d1d3e\" data-element_type=\"container\">\n\t\t\t\t\t<div class=\"e-con-inner\">\n\t\t\t\t<div class=\"elementor-element elementor-element-5864ee4 elementor-widget elementor-widget-softgen-section-heading\" data-id=\"5864ee4\" data-element_type=\"widget\" data-widget_type=\"softgen-section-heading.default\">\n\t\t\t\t<div class=\"elementor-widget-container\">\n\t\t\t        <div class=\"el-section-heading\">\n            <div class=\"content-wrapper\">\n                            <h2 class=\"sg-heading is-border\">\n            <span>Company Profile:<\/span>            <\/h2>\n                    <\/div>\n        <\/div>\n        \t\t<\/div>\n\t\t\t\t<\/div>\n\t\t\t\t<div class=\"elementor-element elementor-element-f0987d7 el-display-block el-btn-align-left elementor-widget elementor-widget-softgen-button\" data-id=\"f0987d7\" data-element_type=\"widget\" data-widget_type=\"softgen-button.default\">\n\t\t\t\t<div class=\"elementor-widget-container\">\n\t\t\t\n        <div class=\"el-btn-wrap\">\n                        <a href=\"#\" rel=\"nofollow\" class=\"sg-theme-btn btn-1  has-icon\" id=\"\">\n                <span >Download File<\/span>\n                <i aria-hidden=\"true\" class=\"la la-file-alt\"><\/i>            <\/a>\n                    <a href=\"#\" class=\"sg-theme-btn btn-2  has-icon\" id=\"\">\n                <span >Download PDF<\/span>\n                <i aria-hidden=\"true\" class=\"la la-file-pdf\"><\/i>            <\/a>\n                <\/div>\n        \t\t<\/div>\n\t\t\t\t<\/div>\n\t\t\t\t\t<\/div>\n\t\t\t\t<\/div>\n\t\t<div class=\"elementor-element elementor-element-b622763 e-flex e-con-boxed e-con e-child\" data-id=\"b622763\" data-element_type=\"container\">\n\t\t\t\t\t<div class=\"e-con-inner\">\n\t\t\t\t<div class=\"elementor-element elementor-element-7ddffc7 elementor-widget elementor-widget-softgen-image\" data-id=\"7ddffc7\" data-element_type=\"widget\" data-widget_type=\"softgen-image.default\">\n\t\t\t\t<div class=\"elementor-widget-container\">\n\t\t\t\t\t<div id=\"sg-img-7ddffc7\" class=\"elementor-image el-image  \">\n\t\t\t\t\t\t\t\t\t\t\t\t\t\t<div class=\"el-image-wrap\">\n\t\t\t\t\t<img decoding=\"async\" width=\"300\" height=\"400\" src=\"https:\/\/shiftsoft.co\/wp-content\/uploads\/2024\/05\/300x400.jpg\" class=\"attachment-full size-full wp-image-1900\" alt=\"\" srcset=\"https:\/\/shiftsoft.co\/wp-content\/uploads\/2024\/05\/300x400.jpg 300w, https:\/\/shiftsoft.co\/wp-content\/uploads\/2024\/05\/300x400-225x300.jpg 225w\" sizes=\"(max-width: 300px) 100vw, 300px\" \/>\t\t\t\t<\/div>\n\t\t\t\t\t\t\t\t\t\t\t<\/div>\n\t\t\t\t<\/div>\n\t\t\t\t<\/div>\n\t\t\t\t\t<\/div>\n\t\t\t\t<\/div>\n\t\t\t\t<\/div>\n\t\t\t\t\t<\/div>\n\t\t\t\t<\/div>\n\t\t\t\t<\/div>\n\t\t","protected":false},"excerpt":{"rendered":"<p>Dijital Pazarlama: Markan\u0131z\u0131 Dijital D\u00fcnyada B\u00fcy\u00fct\u00fcn! Dijital pazarlama, markalar\u0131n hedef kitlelerine ula\u015fma ve etkile\u015fim sa\u011flama y\u00f6ntemlerini s\u00fcrekli olarak evrilen bir aland\u0131r. Rekabetin yo\u011fun oldu\u011fu bu dijital ortamda, etkili bir pazarlama stratejisi geli\u015ftirmek, markan\u0131z\u0131n ba\u015far\u0131s\u0131 i\u00e7in kritik bir \u00f6neme sahiptir. Hizmet \u00d6zeti: Hedef kitle analizi ve pazar ara\u015ft\u0131rmas\u0131 Arama motoru optimizasyonu (SEO) ve i\u00e7erik pazarlamas\u0131 Sosyal [&hellip;]<\/p>\n","protected":false},"author":1,"featured_media":0,"parent":0,"menu_order":0,"comment_status":"closed","ping_status":"closed","template":"elementor-template.php","meta":{"_acf_changed":false,"_monsterinsights_skip_tracking":false,"_monsterinsights_sitenote_active":false,"_monsterinsights_sitenote_note":"","_monsterinsights_sitenote_category":0,"footnotes":""},"class_list":["post-2060","page","type-page","status-publish","hentry"],"acf":[],"aioseo_notices":[],"_links":{"self":[{"href":"https:\/\/shiftsoft.co\/index.php\/wp-json\/wp\/v2\/pages\/2060","targetHints":{"allow":["GET"]}}],"collection":[{"href":"https:\/\/shiftsoft.co\/index.php\/wp-json\/wp\/v2\/pages"}],"about":[{"href":"https:\/\/shiftsoft.co\/index.php\/wp-json\/wp\/v2\/types\/page"}],"author":[{"embeddable":true,"href":"https:\/\/shiftsoft.co\/index.php\/wp-json\/wp\/v2\/users\/1"}],"replies":[{"embeddable":true,"href":"https:\/\/shiftsoft.co\/index.php\/wp-json\/wp\/v2\/comments?post=2060"}],"version-history":[{"count":14,"href":"https:\/\/shiftsoft.co\/index.php\/wp-json\/wp\/v2\/pages\/2060\/revisions"}],"predecessor-version":[{"id":2241,"href":"https:\/\/shiftsoft.co\/index.php\/wp-json\/wp\/v2\/pages\/2060\/revisions\/2241"}],"wp:attachment":[{"href":"https:\/\/shiftsoft.co\/index.php\/wp-json\/wp\/v2\/media?parent=2060"}],"curies":[{"name":"wp","href":"https:\/\/api.w.org\/{rel}","templated":true}]}}