{"id":2056,"date":"2024-09-25T19:43:52","date_gmt":"2024-09-25T19:43:52","guid":{"rendered":"https:\/\/shiftsoft.co\/?page_id=2056"},"modified":"2024-09-25T21:20:33","modified_gmt":"2024-09-25T21:20:33","slug":"sosyal-medya-yonetimi","status":"publish","type":"page","link":"https:\/\/shiftsoft.co\/index.php\/sosyal-medya-yonetimi\/","title":{"rendered":"Sosyal Medya Y\u00f6netimi"},"content":{"rendered":"\t\t<div data-elementor-type=\"wp-page\" data-elementor-id=\"2056\" class=\"elementor elementor-2056\">\n\t\t\t\t<div class=\"elementor-element elementor-element-602a35c e-flex e-con-boxed e-con e-parent\" data-id=\"602a35c\" data-element_type=\"container\">\n\t\t\t\t\t<div class=\"e-con-inner\">\n\t\t<div class=\"elementor-element elementor-element-6063b47 e-con-full e-flex e-con e-child\" data-id=\"6063b47\" data-element_type=\"container\">\n\t\t\t\t<div class=\"elementor-element elementor-element-c3058e7 elementor-widget elementor-widget-heading\" data-id=\"c3058e7\" data-element_type=\"widget\" data-widget_type=\"heading.default\">\n\t\t\t\t<div class=\"elementor-widget-container\">\n\t\t\t<h2 class=\"elementor-heading-title elementor-size-default\">Sosyal Medya Y\u00f6netimi: Markan\u0131z\u0131 Dijitalde G\u00fc\u00e7lendirin!\n<\/h2>\t\t<\/div>\n\t\t\t\t<\/div>\n\t\t\t\t<div class=\"elementor-element elementor-element-9aef693 elementor-widget elementor-widget-softgen-image\" data-id=\"9aef693\" data-element_type=\"widget\" data-widget_type=\"softgen-image.default\">\n\t\t\t\t<div class=\"elementor-widget-container\">\n\t\t\t\t\t<div id=\"sg-img-9aef693\" class=\"elementor-image el-image  \">\n\t\t\t\t\t\t\t\t\t\t\t\t\t\t<div class=\"el-image-wrap\">\n\t\t\t\t\t<img fetchpriority=\"high\" decoding=\"async\" width=\"1000\" height=\"600\" src=\"https:\/\/shiftsoft.co\/wp-content\/uploads\/2024\/09\/sosyal-medya.png\" class=\"attachment-full size-full wp-image-2232\" alt=\"\" srcset=\"https:\/\/shiftsoft.co\/wp-content\/uploads\/2024\/09\/sosyal-medya.png 1000w, https:\/\/shiftsoft.co\/wp-content\/uploads\/2024\/09\/sosyal-medya-300x180.png 300w, https:\/\/shiftsoft.co\/wp-content\/uploads\/2024\/09\/sosyal-medya-768x461.png 768w\" sizes=\"(max-width: 1000px) 100vw, 1000px\" \/>\t\t\t\t<\/div>\n\t\t\t\t\t\t\t\t\t\t\t<\/div>\n\t\t\t\t<\/div>\n\t\t\t\t<\/div>\n\t\t\t\t<div class=\"elementor-element elementor-element-77cbdc5 elementor-widget elementor-widget-text-editor\" data-id=\"77cbdc5\" data-element_type=\"widget\" data-widget_type=\"text-editor.default\">\n\t\t\t\t<div class=\"elementor-widget-container\">\n\t\t\t\t\t\t\t<p>Dijital \u00e7a\u011fda sosyal medya, markalar i\u00e7in yaln\u0131zca bir ileti\u015fim arac\u0131 de\u011fil, ayn\u0131 zamanda m\u00fc\u015fteri etkile\u015fimini art\u0131rma ve ba\u011fl\u0131l\u0131\u011f\u0131 sa\u011flama konusunda kritik bir platformdur. Ancak, sosyal medya dinamikleri s\u00fcrekli de\u011fi\u015fiyor ve etkili bir strateji geli\u015ftirmek i\u00e7in yaln\u0131zca temel bilgiler yeterli de\u011fil.<\/p>\t\t\t\t\t\t<\/div>\n\t\t\t\t<\/div>\n\t\t<div class=\"elementor-element elementor-element-41b5c43 e-flex e-con-boxed e-con e-child\" data-id=\"41b5c43\" data-element_type=\"container\">\n\t\t\t\t\t<div class=\"e-con-inner\">\n\t\t<div class=\"elementor-element elementor-element-5f9f926 e-flex e-con-boxed e-con e-child\" data-id=\"5f9f926\" data-element_type=\"container\">\n\t\t\t\t\t<div class=\"e-con-inner\">\n\t\t\t\t<div class=\"elementor-element elementor-element-51572a9 elementor-widget elementor-widget-heading\" data-id=\"51572a9\" data-element_type=\"widget\" data-widget_type=\"heading.default\">\n\t\t\t\t<div class=\"elementor-widget-container\">\n\t\t\t<h2 class=\"elementor-heading-title elementor-size-default\">Hizmet \u00d6zeti:<\/h2>\t\t<\/div>\n\t\t\t\t<\/div>\n\t\t\t\t<div class=\"elementor-element elementor-element-056cb41 elementor-icon-list--layout-traditional elementor-list-item-link-full_width elementor-widget elementor-widget-icon-list\" data-id=\"056cb41\" data-element_type=\"widget\" data-widget_type=\"icon-list.default\">\n\t\t\t\t<div class=\"elementor-widget-container\">\n\t\t\t\t\t<ul class=\"elementor-icon-list-items\">\n\t\t\t\t\t\t\t<li class=\"elementor-icon-list-item\">\n\t\t\t\t\t\t\t\t\t\t\t<span class=\"elementor-icon-list-icon\">\n\t\t\t\t\t\t\t<i aria-hidden=\"true\" class=\"la la-thumbs-up\"><\/i>\t\t\t\t\t\t<\/span>\n\t\t\t\t\t\t\t\t\t\t<span class=\"elementor-icon-list-text\">Hedef kitle analizi ve i\u00e7erik stratejisi geli\u015ftirme<\/span>\n\t\t\t\t\t\t\t\t\t<\/li>\n\t\t\t\t\t\t\t\t<li class=\"elementor-icon-list-item\">\n\t\t\t\t\t\t\t\t\t\t\t<span class=\"elementor-icon-list-icon\">\n\t\t\t\t\t\t\t<i aria-hidden=\"true\" class=\"la la-thumbs-up\"><\/i>\t\t\t\t\t\t<\/span>\n\t\t\t\t\t\t\t\t\t\t<span class=\"elementor-icon-list-text\">Sosyal medya hesaplar\u0131n\u0131n y\u00f6netimi ve i\u00e7erik planlamas\u0131<\/span>\n\t\t\t\t\t\t\t\t\t<\/li>\n\t\t\t\t\t\t\t\t<li class=\"elementor-icon-list-item\">\n\t\t\t\t\t\t\t\t\t\t\t<span class=\"elementor-icon-list-icon\">\n\t\t\t\t\t\t\t<i aria-hidden=\"true\" class=\"la la-thumbs-up\"><\/i>\t\t\t\t\t\t<\/span>\n\t\t\t\t\t\t\t\t\t\t<span class=\"elementor-icon-list-text\">Etkile\u015fim art\u0131r\u0131c\u0131 kampanyalar ve analiz raporlar\u0131<\/span>\n\t\t\t\t\t\t\t\t\t<\/li>\n\t\t\t\t\t\t\t\t<li class=\"elementor-icon-list-item\">\n\t\t\t\t\t\t\t\t\t\t\t<span class=\"elementor-icon-list-icon\">\n\t\t\t\t\t\t\t<i aria-hidden=\"true\" class=\"la la-thumbs-up\"><\/i>\t\t\t\t\t\t<\/span>\n\t\t\t\t\t\t\t\t\t\t<span class=\"elementor-icon-list-text\">Online kriz y\u00f6netimi ve geri bildirim yan\u0131t s\u00fcreci<\/span>\n\t\t\t\t\t\t\t\t\t<\/li>\n\t\t\t\t\t\t<\/ul>\n\t\t\t\t<\/div>\n\t\t\t\t<\/div>\n\t\t\t\t\t<\/div>\n\t\t\t\t<\/div>\n\t\t<div class=\"elementor-element elementor-element-171174c e-flex e-con-boxed e-con e-child\" data-id=\"171174c\" data-element_type=\"container\">\n\t\t\t\t\t<div class=\"e-con-inner\">\n\t\t\t\t<div class=\"elementor-element elementor-element-49a7c54 elementor-widget elementor-widget-heading\" data-id=\"49a7c54\" data-element_type=\"widget\" data-widget_type=\"heading.default\">\n\t\t\t\t<div class=\"elementor-widget-container\">\n\t\t\t<h2 class=\"elementor-heading-title elementor-size-default\">M\u00fc\u015fteri Faydalar\u0131:<\/h2>\t\t<\/div>\n\t\t\t\t<\/div>\n\t\t\t\t<div class=\"elementor-element elementor-element-4ce9b22 elementor-icon-list--layout-traditional elementor-list-item-link-full_width elementor-widget elementor-widget-icon-list\" data-id=\"4ce9b22\" data-element_type=\"widget\" data-widget_type=\"icon-list.default\">\n\t\t\t\t<div class=\"elementor-widget-container\">\n\t\t\t\t\t<ul class=\"elementor-icon-list-items\">\n\t\t\t\t\t\t\t<li class=\"elementor-icon-list-item\">\n\t\t\t\t\t\t\t\t\t\t\t<span class=\"elementor-icon-list-icon\">\n\t\t\t\t\t\t\t<i aria-hidden=\"true\" class=\"la la-thumbs-up\"><\/i>\t\t\t\t\t\t<\/span>\n\t\t\t\t\t\t\t\t\t\t<span class=\"elementor-icon-list-text\">Hedef kitlenizle etkili ileti\u015fim kurarak marka ba\u011fl\u0131l\u0131\u011f\u0131n\u0131 art\u0131r\u0131n.<\/span>\n\t\t\t\t\t\t\t\t\t<\/li>\n\t\t\t\t\t\t\t\t<li class=\"elementor-icon-list-item\">\n\t\t\t\t\t\t\t\t\t\t\t<span class=\"elementor-icon-list-icon\">\n\t\t\t\t\t\t\t<i aria-hidden=\"true\" class=\"la la-thumbs-up\"><\/i>\t\t\t\t\t\t<\/span>\n\t\t\t\t\t\t\t\t\t\t<span class=\"elementor-icon-list-text\">Sosyal medya platformlar\u0131ndaki etkile\u015fim oranlar\u0131n\u0131z\u0131 y\u00fckselterek g\u00f6r\u00fcn\u00fcrl\u00fc\u011f\u00fcn\u00fcz\u00fc art\u0131r\u0131n.<\/span>\n\t\t\t\t\t\t\t\t\t<\/li>\n\t\t\t\t\t\t\t\t<li class=\"elementor-icon-list-item\">\n\t\t\t\t\t\t\t\t\t\t\t<span class=\"elementor-icon-list-icon\">\n\t\t\t\t\t\t\t<i aria-hidden=\"true\" class=\"la la-thumbs-up\"><\/i>\t\t\t\t\t\t<\/span>\n\t\t\t\t\t\t\t\t\t\t<span class=\"elementor-icon-list-text\">Profesyonel i\u00e7erik y\u00f6netimi ile marka imaj\u0131n\u0131z\u0131 g\u00fc\u00e7lendirin.<\/span>\n\t\t\t\t\t\t\t\t\t<\/li>\n\t\t\t\t\t\t\t\t<li class=\"elementor-icon-list-item\">\n\t\t\t\t\t\t\t\t\t\t\t<span class=\"elementor-icon-list-icon\">\n\t\t\t\t\t\t\t<i aria-hidden=\"true\" class=\"la la-thumbs-up\"><\/i>\t\t\t\t\t\t<\/span>\n\t\t\t\t\t\t\t\t\t\t<span class=\"elementor-icon-list-text\">Sosyal medya dinamiklerini takip ederek stratejilerinizi s\u00fcrekli geli\u015ftirin.<\/span>\n\t\t\t\t\t\t\t\t\t<\/li>\n\t\t\t\t\t\t<\/ul>\n\t\t\t\t<\/div>\n\t\t\t\t<\/div>\n\t\t\t\t\t<\/div>\n\t\t\t\t<\/div>\n\t\t\t\t\t<\/div>\n\t\t\t\t<\/div>\n\t\t<div class=\"elementor-element elementor-element-cc85519 e-flex e-con-boxed e-con e-child\" data-id=\"cc85519\" data-element_type=\"container\">\n\t\t\t\t\t<div class=\"e-con-inner\">\n\t\t\t\t<div class=\"elementor-element elementor-element-5ff52db elementor-widget elementor-widget-softgen-image\" data-id=\"5ff52db\" data-element_type=\"widget\" data-widget_type=\"softgen-image.default\">\n\t\t\t\t<div class=\"elementor-widget-container\">\n\t\t\t\t\t<div id=\"sg-img-5ff52db\" class=\"elementor-image el-image  \">\n\t\t\t\t\t\t\t\t\t\t\t\t\t\t<div class=\"el-image-wrap\">\n\t\t\t\t\t<img decoding=\"async\" width=\"1000\" height=\"650\" src=\"https:\/\/shiftsoft.co\/wp-content\/uploads\/2024\/05\/1000x650.jpg\" class=\"attachment-full size-full wp-image-1856\" alt=\"\" srcset=\"https:\/\/shiftsoft.co\/wp-content\/uploads\/2024\/05\/1000x650.jpg 1000w, https:\/\/shiftsoft.co\/wp-content\/uploads\/2024\/05\/1000x650-300x195.jpg 300w, https:\/\/shiftsoft.co\/wp-content\/uploads\/2024\/05\/1000x650-768x499.jpg 768w\" sizes=\"(max-width: 1000px) 100vw, 1000px\" \/>\t\t\t\t<\/div>\n\t\t\t\t\t\t\t\t\t\t\t<\/div>\n\t\t\t\t<\/div>\n\t\t\t\t<\/div>\n\t\t\t\t<div class=\"elementor-element elementor-element-c0079aa elementor-widget elementor-widget-softgen-image\" data-id=\"c0079aa\" data-element_type=\"widget\" data-widget_type=\"softgen-image.default\">\n\t\t\t\t<div class=\"elementor-widget-container\">\n\t\t\t\t\t<div id=\"sg-img-c0079aa\" class=\"elementor-image el-image  \">\n\t\t\t\t\t\t\t\t\t\t\t\t\t\t<div class=\"el-image-wrap\">\n\t\t\t\t\t<img decoding=\"async\" width=\"1000\" height=\"650\" src=\"https:\/\/shiftsoft.co\/wp-content\/uploads\/2024\/05\/1000x650.jpg\" class=\"attachment-full size-full wp-image-1856\" alt=\"\" srcset=\"https:\/\/shiftsoft.co\/wp-content\/uploads\/2024\/05\/1000x650.jpg 1000w, https:\/\/shiftsoft.co\/wp-content\/uploads\/2024\/05\/1000x650-300x195.jpg 300w, https:\/\/shiftsoft.co\/wp-content\/uploads\/2024\/05\/1000x650-768x499.jpg 768w\" sizes=\"(max-width: 1000px) 100vw, 1000px\" \/>\t\t\t\t<\/div>\n\t\t\t\t\t\t\t\t\t\t\t<\/div>\n\t\t\t\t<\/div>\n\t\t\t\t<\/div>\n\t\t\t\t\t<\/div>\n\t\t\t\t<\/div>\n\t\t\t\t<div class=\"elementor-element elementor-element-dd965e8 elementor-widget elementor-widget-heading\" data-id=\"dd965e8\" data-element_type=\"widget\" data-widget_type=\"heading.default\">\n\t\t\t\t<div class=\"elementor-widget-container\">\n\t\t\t<h2 class=\"elementor-heading-title elementor-size-default\">\u00c7\u00f6z\u00fcm ve Sonu\u00e7lar:<\/h2>\t\t<\/div>\n\t\t\t\t<\/div>\n\t\t\t\t<div class=\"elementor-element elementor-element-9731ff1 elementor-widget elementor-widget-text-editor\" data-id=\"9731ff1\" data-element_type=\"widget\" data-widget_type=\"text-editor.default\">\n\t\t\t\t<div class=\"elementor-widget-container\">\n\t\t\t\t\t\t\t<p>Sosyal medya varl\u0131\u011f\u0131n\u0131z\u0131 g\u00fc\u00e7lendirmek ve etkili bir dijital strateji geli\u015ftirmek i\u00e7in kapsaml\u0131 bir sosyal medya y\u00f6netimi plan\u0131 olu\u015fturmak gereklidir. Uzman ekibimiz, hedef kitlenizi analiz ederek onlar\u0131n ilgi alanlar\u0131na uygun i\u00e7erikler \u00fcretir ve sosyal medya platformlar\u0131nda markan\u0131z\u0131n etkili bir \u015fekilde temsil edilmesini sa\u011flar.<\/p><p>Sundu\u011fumuz \u00e7\u00f6z\u00fcmlerle, m\u00fc\u015fteri geri bildirimlerini h\u0131zl\u0131 bir \u015fekilde yan\u0131tlayarak g\u00fc\u00e7l\u00fc bir topluluk olu\u015fturabilir, markan\u0131z\u0131n sesini do\u011fru bir \u015fekilde duyurabilirsiniz. Sonu\u00e7 olarak, sosyal medya y\u00f6netim stratejiniz sayesinde daha fazla m\u00fc\u015fteri kazanabilir ve dijital d\u00fcnyada rekabet avantaj\u0131 elde edersiniz.<\/p>\t\t\t\t\t\t<\/div>\n\t\t\t\t<\/div>\n\t\t\t\t<\/div>\n\t\t<div class=\"elementor-element elementor-element-f692517 e-con-full e-flex e-con e-child\" data-id=\"f692517\" data-element_type=\"container\">\n\t\t<div class=\"elementor-element elementor-element-350294a e-con-full e-flex e-con e-child\" data-id=\"350294a\" data-element_type=\"container\">\n\t\t\t\t<div class=\"elementor-element elementor-element-df8c6c3 elementor-widget elementor-widget-softgen-section-heading\" data-id=\"df8c6c3\" data-element_type=\"widget\" data-widget_type=\"softgen-section-heading.default\">\n\t\t\t\t<div class=\"elementor-widget-container\">\n\t\t\t        <div class=\"el-section-heading\">\n            <div class=\"content-wrapper\">\n                            <h2 class=\"sg-heading is-border\">\n            <span>Hizmet Listesi:<\/span>            <\/h2>\n                    <\/div>\n        <\/div>\n        \t\t<\/div>\n\t\t\t\t<\/div>\n\t\t\t\t<div class=\"elementor-element elementor-element-e02fba1 elementor-icon-list--layout-traditional elementor-list-item-link-full_width elementor-widget elementor-widget-icon-list\" data-id=\"e02fba1\" data-element_type=\"widget\" data-widget_type=\"icon-list.default\">\n\t\t\t\t<div class=\"elementor-widget-container\">\n\t\t\t\t\t<ul class=\"elementor-icon-list-items\">\n\t\t\t\t\t\t\t<li class=\"elementor-icon-list-item\">\n\t\t\t\t\t\t\t\t\t\t\t<a href=\"https:\/\/shiftsoft.co\/index.php\/itibar-yonetimi\/\">\n\n\t\t\t\t\t\t\t\t\t\t\t\t<span class=\"elementor-icon-list-icon\">\n\t\t\t\t\t\t\t<i aria-hidden=\"true\" class=\"la la-dot-circle\"><\/i>\t\t\t\t\t\t<\/span>\n\t\t\t\t\t\t\t\t\t\t<span class=\"elementor-icon-list-text\">\u0130tibar Y\u00f6netimi<\/span>\n\t\t\t\t\t\t\t\t\t\t\t<\/a>\n\t\t\t\t\t\t\t\t\t<\/li>\n\t\t\t\t\t\t\t\t<li class=\"elementor-icon-list-item\">\n\t\t\t\t\t\t\t\t\t\t\t<a href=\"https:\/\/shiftsoft.co\/index.php\/sosyal-medya-yonetimi\/\">\n\n\t\t\t\t\t\t\t\t\t\t\t\t<span class=\"elementor-icon-list-icon\">\n\t\t\t\t\t\t\t<i aria-hidden=\"true\" class=\"la la-dot-circle\"><\/i>\t\t\t\t\t\t<\/span>\n\t\t\t\t\t\t\t\t\t\t<span class=\"elementor-icon-list-text\">Sosyal Medya Y\u00f6netimi<\/span>\n\t\t\t\t\t\t\t\t\t\t\t<\/a>\n\t\t\t\t\t\t\t\t\t<\/li>\n\t\t\t\t\t\t\t\t<li class=\"elementor-icon-list-item\">\n\t\t\t\t\t\t\t\t\t\t\t<a href=\"https:\/\/shiftsoft.co\/index.php\/web-gelistirme\/\">\n\n\t\t\t\t\t\t\t\t\t\t\t\t<span class=\"elementor-icon-list-icon\">\n\t\t\t\t\t\t\t<i aria-hidden=\"true\" class=\"la la-dot-circle\"><\/i>\t\t\t\t\t\t<\/span>\n\t\t\t\t\t\t\t\t\t\t<span class=\"elementor-icon-list-text\">Web Geli\u015ftirme<\/span>\n\t\t\t\t\t\t\t\t\t\t\t<\/a>\n\t\t\t\t\t\t\t\t\t<\/li>\n\t\t\t\t\t\t\t\t<li class=\"elementor-icon-list-item\">\n\t\t\t\t\t\t\t\t\t\t\t<a href=\"https:\/\/shiftsoft.co\/index.php\/dijital-pazarlama\/\">\n\n\t\t\t\t\t\t\t\t\t\t\t\t<span class=\"elementor-icon-list-icon\">\n\t\t\t\t\t\t\t<i aria-hidden=\"true\" class=\"la la-dot-circle\"><\/i>\t\t\t\t\t\t<\/span>\n\t\t\t\t\t\t\t\t\t\t<span class=\"elementor-icon-list-text\">Dijital Pazarlama<\/span>\n\t\t\t\t\t\t\t\t\t\t\t<\/a>\n\t\t\t\t\t\t\t\t\t<\/li>\n\t\t\t\t\t\t\t\t<li class=\"elementor-icon-list-item\">\n\t\t\t\t\t\t\t\t\t\t\t<a href=\"https:\/\/shiftsoft.co\/index.php\/grafik-tasarim\/\">\n\n\t\t\t\t\t\t\t\t\t\t\t\t<span class=\"elementor-icon-list-icon\">\n\t\t\t\t\t\t\t<i aria-hidden=\"true\" class=\"la la-dot-circle\"><\/i>\t\t\t\t\t\t<\/span>\n\t\t\t\t\t\t\t\t\t\t<span class=\"elementor-icon-list-text\">Grafik Tasar\u0131m<\/span>\n\t\t\t\t\t\t\t\t\t\t\t<\/a>\n\t\t\t\t\t\t\t\t\t<\/li>\n\t\t\t\t\t\t\t\t<li class=\"elementor-icon-list-item\">\n\t\t\t\t\t\t\t\t\t\t\t<a href=\"https:\/\/shiftsoft.co\/index.php\/veri-analizi-ve-raporlama\/\">\n\n\t\t\t\t\t\t\t\t\t\t\t\t<span class=\"elementor-icon-list-icon\">\n\t\t\t\t\t\t\t<i aria-hidden=\"true\" class=\"la la-dot-circle\"><\/i>\t\t\t\t\t\t<\/span>\n\t\t\t\t\t\t\t\t\t\t<span class=\"elementor-icon-list-text\">Veri Analizi ve Raporlama<\/span>\n\t\t\t\t\t\t\t\t\t\t\t<\/a>\n\t\t\t\t\t\t\t\t\t<\/li>\n\t\t\t\t\t\t\t\t<li class=\"elementor-icon-list-item\">\n\t\t\t\t\t\t\t\t\t\t\t<a href=\"https:\/\/shiftsoft.co\/index.php\/video-icerik-uretimi\/\">\n\n\t\t\t\t\t\t\t\t\t\t\t\t<span class=\"elementor-icon-list-icon\">\n\t\t\t\t\t\t\t<i aria-hidden=\"true\" class=\"la la-dot-circle\"><\/i>\t\t\t\t\t\t<\/span>\n\t\t\t\t\t\t\t\t\t\t<span class=\"elementor-icon-list-text\">Video \u0130\u00e7erik \u00dcretimi<\/span>\n\t\t\t\t\t\t\t\t\t\t\t<\/a>\n\t\t\t\t\t\t\t\t\t<\/li>\n\t\t\t\t\t\t\t\t<li class=\"elementor-icon-list-item\">\n\t\t\t\t\t\t\t\t\t\t\t<a href=\"https:\/\/shiftsoft.co\/index.php\/e-posta-pazarlama\/\">\n\n\t\t\t\t\t\t\t\t\t\t\t\t<span class=\"elementor-icon-list-icon\">\n\t\t\t\t\t\t\t<i aria-hidden=\"true\" class=\"la la-dot-circle\"><\/i>\t\t\t\t\t\t<\/span>\n\t\t\t\t\t\t\t\t\t\t<span class=\"elementor-icon-list-text\">E-posta Pazarlama<\/span>\n\t\t\t\t\t\t\t\t\t\t\t<\/a>\n\t\t\t\t\t\t\t\t\t<\/li>\n\t\t\t\t\t\t\t\t<li class=\"elementor-icon-list-item\">\n\t\t\t\t\t\t\t\t\t\t\t<a href=\"https:\/\/shiftsoft.co\/index.php\/danismanlik-hizmetleri\/\">\n\n\t\t\t\t\t\t\t\t\t\t\t\t<span class=\"elementor-icon-list-icon\">\n\t\t\t\t\t\t\t<i aria-hidden=\"true\" class=\"la la-dot-circle\"><\/i>\t\t\t\t\t\t<\/span>\n\t\t\t\t\t\t\t\t\t\t<span class=\"elementor-icon-list-text\">Dan\u0131\u015fmanl\u0131k Hizmetleri<\/span>\n\t\t\t\t\t\t\t\t\t\t\t<\/a>\n\t\t\t\t\t\t\t\t\t<\/li>\n\t\t\t\t\t\t\t\t<li class=\"elementor-icon-list-item\">\n\t\t\t\t\t\t\t\t\t\t\t<a href=\"https:\/\/shiftsoft.co\/index.php\/mobil-uygulama-gelistirme\/\">\n\n\t\t\t\t\t\t\t\t\t\t\t\t<span class=\"elementor-icon-list-icon\">\n\t\t\t\t\t\t\t<i aria-hidden=\"true\" class=\"la la-dot-circle\"><\/i>\t\t\t\t\t\t<\/span>\n\t\t\t\t\t\t\t\t\t\t<span class=\"elementor-icon-list-text\">Mobil Uygulama Geli\u015ftirme<\/span>\n\t\t\t\t\t\t\t\t\t\t\t<\/a>\n\t\t\t\t\t\t\t\t\t<\/li>\n\t\t\t\t\t\t\t\t<li class=\"elementor-icon-list-item\">\n\t\t\t\t\t\t\t\t\t\t\t<a href=\"https:\/\/shiftsoft.co\/index.php\/fotograf-ve-video-hizmetleri\/\">\n\n\t\t\t\t\t\t\t\t\t\t\t\t<span class=\"elementor-icon-list-icon\">\n\t\t\t\t\t\t\t<i aria-hidden=\"true\" class=\"la la-dot-circle\"><\/i>\t\t\t\t\t\t<\/span>\n\t\t\t\t\t\t\t\t\t\t<span class=\"elementor-icon-list-text\">Foto\u011fraf ve Video Hizmetleri<\/span>\n\t\t\t\t\t\t\t\t\t\t\t<\/a>\n\t\t\t\t\t\t\t\t\t<\/li>\n\t\t\t\t\t\t<\/ul>\n\t\t\t\t<\/div>\n\t\t\t\t<\/div>\n\t\t\t\t<\/div>\n\t\t<div class=\"elementor-element elementor-element-026cb07 e-flex e-con-boxed e-con e-child\" data-id=\"026cb07\" data-element_type=\"container\">\n\t\t\t\t\t<div class=\"e-con-inner\">\n\t\t\t\t<div class=\"elementor-element elementor-element-988e70f elementor-widget elementor-widget-softgen-section-heading\" data-id=\"988e70f\" data-element_type=\"widget\" data-widget_type=\"softgen-section-heading.default\">\n\t\t\t\t<div class=\"elementor-widget-container\">\n\t\t\t        <div class=\"el-section-heading\">\n            <div class=\"content-wrapper\">\n                            <h2 class=\"sg-heading is-border\">\n            <span>Company Profile:<\/span>            <\/h2>\n                    <\/div>\n        <\/div>\n        \t\t<\/div>\n\t\t\t\t<\/div>\n\t\t\t\t<div class=\"elementor-element elementor-element-578c479 el-display-block el-btn-align-left elementor-widget elementor-widget-softgen-button\" data-id=\"578c479\" data-element_type=\"widget\" data-widget_type=\"softgen-button.default\">\n\t\t\t\t<div class=\"elementor-widget-container\">\n\t\t\t\n        <div class=\"el-btn-wrap\">\n                        <a href=\"#\" rel=\"nofollow\" class=\"sg-theme-btn btn-1  has-icon\" id=\"\">\n                <span >Download File<\/span>\n                <i aria-hidden=\"true\" class=\"la la-file-alt\"><\/i>            <\/a>\n                    <a href=\"#\" class=\"sg-theme-btn btn-2  has-icon\" id=\"\">\n                <span >Download PDF<\/span>\n                <i aria-hidden=\"true\" class=\"la la-file-pdf\"><\/i>            <\/a>\n                <\/div>\n        \t\t<\/div>\n\t\t\t\t<\/div>\n\t\t\t\t\t<\/div>\n\t\t\t\t<\/div>\n\t\t<div class=\"elementor-element elementor-element-461a271 e-flex e-con-boxed e-con e-child\" data-id=\"461a271\" data-element_type=\"container\">\n\t\t\t\t\t<div class=\"e-con-inner\">\n\t\t\t\t<div class=\"elementor-element elementor-element-d761c58 elementor-widget elementor-widget-softgen-image\" data-id=\"d761c58\" data-element_type=\"widget\" data-widget_type=\"softgen-image.default\">\n\t\t\t\t<div class=\"elementor-widget-container\">\n\t\t\t\t\t<div id=\"sg-img-d761c58\" class=\"elementor-image el-image  \">\n\t\t\t\t\t\t\t\t\t\t\t\t\t\t<div class=\"el-image-wrap\">\n\t\t\t\t\t<img decoding=\"async\" width=\"300\" height=\"400\" src=\"https:\/\/shiftsoft.co\/wp-content\/uploads\/2024\/05\/300x400.jpg\" class=\"attachment-full size-full wp-image-1900\" alt=\"\" srcset=\"https:\/\/shiftsoft.co\/wp-content\/uploads\/2024\/05\/300x400.jpg 300w, https:\/\/shiftsoft.co\/wp-content\/uploads\/2024\/05\/300x400-225x300.jpg 225w\" sizes=\"(max-width: 300px) 100vw, 300px\" \/>\t\t\t\t<\/div>\n\t\t\t\t\t\t\t\t\t\t\t<\/div>\n\t\t\t\t<\/div>\n\t\t\t\t<\/div>\n\t\t\t\t\t<\/div>\n\t\t\t\t<\/div>\n\t\t\t\t<\/div>\n\t\t\t\t\t<\/div>\n\t\t\t\t<\/div>\n\t\t\t\t<\/div>\n\t\t","protected":false},"excerpt":{"rendered":"<p>Sosyal Medya Y\u00f6netimi: Markan\u0131z\u0131 Dijitalde G\u00fc\u00e7lendirin! Dijital \u00e7a\u011fda sosyal medya, markalar i\u00e7in yaln\u0131zca bir ileti\u015fim arac\u0131 de\u011fil, ayn\u0131 zamanda m\u00fc\u015fteri etkile\u015fimini art\u0131rma ve ba\u011fl\u0131l\u0131\u011f\u0131 sa\u011flama konusunda kritik bir platformdur. Ancak, sosyal medya dinamikleri s\u00fcrekli de\u011fi\u015fiyor ve etkili bir strateji geli\u015ftirmek i\u00e7in yaln\u0131zca temel bilgiler yeterli de\u011fil. Hizmet \u00d6zeti: Hedef kitle analizi ve i\u00e7erik stratejisi geli\u015ftirme [&hellip;]<\/p>\n","protected":false},"author":1,"featured_media":0,"parent":0,"menu_order":0,"comment_status":"closed","ping_status":"closed","template":"elementor-template.php","meta":{"_acf_changed":false,"_monsterinsights_skip_tracking":false,"_monsterinsights_sitenote_active":false,"_monsterinsights_sitenote_note":"","_monsterinsights_sitenote_category":0,"footnotes":""},"class_list":["post-2056","page","type-page","status-publish","hentry"],"acf":[],"aioseo_notices":[],"_links":{"self":[{"href":"https:\/\/shiftsoft.co\/index.php\/wp-json\/wp\/v2\/pages\/2056","targetHints":{"allow":["GET"]}}],"collection":[{"href":"https:\/\/shiftsoft.co\/index.php\/wp-json\/wp\/v2\/pages"}],"about":[{"href":"https:\/\/shiftsoft.co\/index.php\/wp-json\/wp\/v2\/types\/page"}],"author":[{"embeddable":true,"href":"https:\/\/shiftsoft.co\/index.php\/wp-json\/wp\/v2\/users\/1"}],"replies":[{"embeddable":true,"href":"https:\/\/shiftsoft.co\/index.php\/wp-json\/wp\/v2\/comments?post=2056"}],"version-history":[{"count":14,"href":"https:\/\/shiftsoft.co\/index.php\/wp-json\/wp\/v2\/pages\/2056\/revisions"}],"predecessor-version":[{"id":2235,"href":"https:\/\/shiftsoft.co\/index.php\/wp-json\/wp\/v2\/pages\/2056\/revisions\/2235"}],"wp:attachment":[{"href":"https:\/\/shiftsoft.co\/index.php\/wp-json\/wp\/v2\/media?parent=2056"}],"curies":[{"name":"wp","href":"https:\/\/api.w.org\/{rel}","templated":true}]}}