{"id":1589,"date":"2024-05-15T10:43:50","date_gmt":"2024-05-15T10:43:50","guid":{"rendered":"https:\/\/wp.dynamiclayers.net\/softgen-importer\/?page_id=1589"},"modified":"2024-09-25T21:46:41","modified_gmt":"2024-09-25T21:46:41","slug":"yazilarimiz","status":"publish","type":"page","link":"https:\/\/shiftsoft.co\/index.php\/yazilarimiz\/","title":{"rendered":"Yaz\u0131lar\u0131m\u0131z"},"content":{"rendered":"\t\t<div data-elementor-type=\"wp-page\" data-elementor-id=\"1589\" class=\"elementor elementor-1589\">\n\t\t\t\t<div class=\"elementor-element elementor-element-48f4912 e-flex e-con-boxed e-con e-parent\" data-id=\"48f4912\" data-element_type=\"container\">\n\t\t\t\t\t<div class=\"e-con-inner\">\n\t\t\t\t<div class=\"elementor-element elementor-element-141afe0 line-effect-yes elementor-widget elementor-widget-softgen-blog\" data-id=\"141afe0\" data-element_type=\"widget\" data-settings=\"{&quot;carousel&quot;:&quot;no&quot;}\" data-widget_type=\"softgen-blog.default\">\n\t\t\t\t<div class=\"elementor-widget-container\">\n\t\t\t            <div class=\"el-blog-items softgen-el-blog\">\n                    <article class=\"el-blog-item post-1589 page type-page status-publish hentry\">\n            <div class=\"el-post-item\">\n                <div class=\"el-post-thumb\">\n                    <a href=\"https:\/\/shiftsoft.co\/index.php\/2024\/04\/20\/sosyal-medya-yonetiminde-basari-icin-ipuclari\/\" class=\"el-post-thumb-inner\">\n                                            <img fetchpriority=\"high\" decoding=\"async\" width=\"380\" height=\"250\" src=\"https:\/\/shiftsoft.co\/wp-content\/uploads\/2024\/05\/1000x650-380x250.jpg\" class=\"attachment-softgen-thumb-grid size-softgen-thumb-grid wp-post-image\" alt=\"\" \/>                                        <\/a>\n                    <a href=\"https:\/\/shiftsoft.co\/index.php\/category\/business\/\" class=\"category top-right\">Business<\/a>                <\/div>\n                <div class=\"el-post-content\">\n                                        <ul class=\"post-meta\">\n                        <li><a href=\"https:\/\/shiftsoft.co\/index.php\/author\/admin\/\"><i class=\"las la-user\"><\/i>admin<\/a><\/li>\n                        <li><a href=\"https:\/\/shiftsoft.co\/index.php\/2024\/04\/20\/\"><i class=\"las la-calendar\"><\/i>Nisan 20, 2024<\/a><\/li>\n                    <\/ul>\n                                        <h3 class=\"post-title\">\n                        <a href=\"https:\/\/shiftsoft.co\/index.php\/2024\/04\/20\/sosyal-medya-yonetiminde-basari-icin-ipuclari\/\">Sosyal Medya Y\u00f6netiminde Ba\u015far\u0131 \u0130\u00e7...<\/a>\n                    <\/h3>\n                                            <p>The digital landscape is vast and ever-changing, presenting for businesses. From...<\/p>\n                                                                <a href=\"https:\/\/shiftsoft.co\/index.php\/2024\/04\/20\/sosyal-medya-yonetiminde-basari-icin-ipuclari\/\" class=\"read-more\">Read More <i class=\"las la-long-arrow-alt-right\"><\/i><\/a>\n                                    <\/div>\n            <\/div>\n        <\/article>\n                <article class=\"el-blog-item post-1589 page type-page status-publish hentry\">\n            <div class=\"el-post-item\">\n                <div class=\"el-post-thumb\">\n                    <a href=\"https:\/\/shiftsoft.co\/index.php\/2024\/05\/07\/grafik-tasarimin-markaya-etkisi\/\" class=\"el-post-thumb-inner\">\n                                            <img fetchpriority=\"high\" decoding=\"async\" width=\"380\" height=\"250\" src=\"https:\/\/shiftsoft.co\/wp-content\/uploads\/2024\/05\/1000x650-380x250.jpg\" class=\"attachment-softgen-thumb-grid size-softgen-thumb-grid wp-post-image\" alt=\"\" \/>                                        <\/a>\n                    <a href=\"https:\/\/shiftsoft.co\/index.php\/category\/consulting\/\" class=\"category top-right\">Consulting<\/a>                <\/div>\n                <div class=\"el-post-content\">\n                                        <ul class=\"post-meta\">\n                        <li><a href=\"https:\/\/shiftsoft.co\/index.php\/author\/admin\/\"><i class=\"las la-user\"><\/i>admin<\/a><\/li>\n                        <li><a href=\"https:\/\/shiftsoft.co\/index.php\/2024\/05\/07\/\"><i class=\"las la-calendar\"><\/i>May\u0131s 7, 2024<\/a><\/li>\n                    <\/ul>\n                                        <h3 class=\"post-title\">\n                        <a href=\"https:\/\/shiftsoft.co\/index.php\/2024\/05\/07\/grafik-tasarimin-markaya-etkisi\/\">Grafik Tasar\u0131m\u0131n Markaya Etkisi<\/a>\n                    <\/h3>\n                                            <p>The digital landscape is vast and ever-changing, presenting for businesses. From...<\/p>\n                                                                <a href=\"https:\/\/shiftsoft.co\/index.php\/2024\/05\/07\/grafik-tasarimin-markaya-etkisi\/\" class=\"read-more\">Read More <i class=\"las la-long-arrow-alt-right\"><\/i><\/a>\n                                    <\/div>\n            <\/div>\n        <\/article>\n                <article class=\"el-blog-item post-1589 page type-page status-publish hentry\">\n            <div class=\"el-post-item\">\n                <div class=\"el-post-thumb\">\n                    <a href=\"https:\/\/shiftsoft.co\/index.php\/2024\/05\/07\/fotograf-ve-video-icerik-uretimi\/\" class=\"el-post-thumb-inner\">\n                                            <img fetchpriority=\"high\" decoding=\"async\" width=\"380\" height=\"250\" src=\"https:\/\/shiftsoft.co\/wp-content\/uploads\/2024\/05\/1000x650-380x250.jpg\" class=\"attachment-softgen-thumb-grid size-softgen-thumb-grid wp-post-image\" alt=\"\" \/>                                        <\/a>\n                    <a href=\"https:\/\/shiftsoft.co\/index.php\/category\/finance\/\" class=\"category top-right\">Finance<\/a>                <\/div>\n                <div class=\"el-post-content\">\n                                        <ul class=\"post-meta\">\n                        <li><a href=\"https:\/\/shiftsoft.co\/index.php\/author\/admin\/\"><i class=\"las la-user\"><\/i>admin<\/a><\/li>\n                        <li><a href=\"https:\/\/shiftsoft.co\/index.php\/2024\/05\/07\/\"><i class=\"las la-calendar\"><\/i>May\u0131s 7, 2024<\/a><\/li>\n                    <\/ul>\n                                        <h3 class=\"post-title\">\n                        <a href=\"https:\/\/shiftsoft.co\/index.php\/2024\/05\/07\/fotograf-ve-video-icerik-uretimi\/\">Foto\u011fraf ve Video \u0130\u00e7erik \u00dcretimi<\/a>\n                    <\/h3>\n                                            <p>The digital landscape is vast and ever-changing, presenting for businesses. From...<\/p>\n                                                                <a href=\"https:\/\/shiftsoft.co\/index.php\/2024\/05\/07\/fotograf-ve-video-icerik-uretimi\/\" class=\"read-more\">Read More <i class=\"las la-long-arrow-alt-right\"><\/i><\/a>\n                                    <\/div>\n            <\/div>\n        <\/article>\n                <article class=\"el-blog-item post-1589 page type-page status-publish hentry\">\n            <div class=\"el-post-item\">\n                <div class=\"el-post-thumb\">\n                    <a href=\"https:\/\/shiftsoft.co\/index.php\/2024\/05\/07\/mobil-uygulama-gelistirme-sureci\/\" class=\"el-post-thumb-inner\">\n                                            <img fetchpriority=\"high\" decoding=\"async\" width=\"380\" height=\"250\" src=\"https:\/\/shiftsoft.co\/wp-content\/uploads\/2024\/05\/1000x650-380x250.jpg\" class=\"attachment-softgen-thumb-grid size-softgen-thumb-grid wp-post-image\" alt=\"\" \/>                                        <\/a>\n                    <a href=\"https:\/\/shiftsoft.co\/index.php\/category\/crafting\/\" class=\"category top-right\">Crafting<\/a>                <\/div>\n                <div class=\"el-post-content\">\n                                        <ul class=\"post-meta\">\n                        <li><a href=\"https:\/\/shiftsoft.co\/index.php\/author\/admin\/\"><i class=\"las la-user\"><\/i>admin<\/a><\/li>\n                        <li><a href=\"https:\/\/shiftsoft.co\/index.php\/2024\/05\/07\/\"><i class=\"las la-calendar\"><\/i>May\u0131s 7, 2024<\/a><\/li>\n                    <\/ul>\n                                        <h3 class=\"post-title\">\n                        <a href=\"https:\/\/shiftsoft.co\/index.php\/2024\/05\/07\/mobil-uygulama-gelistirme-sureci\/\">Mobil Uygulama Geli\u015ftirme S\u00fcreci<\/a>\n                    <\/h3>\n                                            <p>The digital landscape is vast and ever-changing, presenting for businesses. From...<\/p>\n                                                                <a href=\"https:\/\/shiftsoft.co\/index.php\/2024\/05\/07\/mobil-uygulama-gelistirme-sureci\/\" class=\"read-more\">Read More <i class=\"las la-long-arrow-alt-right\"><\/i><\/a>\n                                    <\/div>\n            <\/div>\n        <\/article>\n                <article class=\"el-blog-item post-1589 page type-page status-publish hentry\">\n            <div class=\"el-post-item\">\n                <div class=\"el-post-thumb\">\n                    <a href=\"https:\/\/shiftsoft.co\/index.php\/2024\/05\/07\/veri-analizi-ile-is-performansinizi-artirin\/\" class=\"el-post-thumb-inner\">\n                                            <img fetchpriority=\"high\" decoding=\"async\" width=\"380\" height=\"250\" src=\"https:\/\/shiftsoft.co\/wp-content\/uploads\/2024\/05\/1000x650-380x250.jpg\" class=\"attachment-softgen-thumb-grid size-softgen-thumb-grid wp-post-image\" alt=\"\" \/>                                        <\/a>\n                    <a href=\"https:\/\/shiftsoft.co\/index.php\/category\/finance\/\" class=\"category top-right\">Finance<\/a>                <\/div>\n                <div class=\"el-post-content\">\n                                        <ul class=\"post-meta\">\n                        <li><a href=\"https:\/\/shiftsoft.co\/index.php\/author\/admin\/\"><i class=\"las la-user\"><\/i>admin<\/a><\/li>\n                        <li><a href=\"https:\/\/shiftsoft.co\/index.php\/2024\/05\/07\/\"><i class=\"las la-calendar\"><\/i>May\u0131s 7, 2024<\/a><\/li>\n                    <\/ul>\n                                        <h3 class=\"post-title\">\n                        <a href=\"https:\/\/shiftsoft.co\/index.php\/2024\/05\/07\/veri-analizi-ile-is-performansinizi-artirin\/\">Veri Analizi ile \u0130\u015f Performans\u0131n\u0131z?...<\/a>\n                    <\/h3>\n                                            <p>The digital landscape is vast and ever-changing, presenting for businesses. From...<\/p>\n                                                                <a href=\"https:\/\/shiftsoft.co\/index.php\/2024\/05\/07\/veri-analizi-ile-is-performansinizi-artirin\/\" class=\"read-more\">Read More <i class=\"las la-long-arrow-alt-right\"><\/i><\/a>\n                                    <\/div>\n            <\/div>\n        <\/article>\n                <article class=\"el-blog-item post-1589 page type-page status-publish hentry\">\n            <div class=\"el-post-item\">\n                <div class=\"el-post-thumb\">\n                    <a href=\"https:\/\/shiftsoft.co\/index.php\/2024\/05\/07\/e-posta-pazarlama-ile-musteri-bagliligi-saglama\/\" class=\"el-post-thumb-inner\">\n                                            <img fetchpriority=\"high\" decoding=\"async\" width=\"380\" height=\"250\" src=\"https:\/\/shiftsoft.co\/wp-content\/uploads\/2024\/05\/1000x650-380x250.jpg\" class=\"attachment-softgen-thumb-grid size-softgen-thumb-grid wp-post-image\" alt=\"\" \/>                                        <\/a>\n                    <a href=\"https:\/\/shiftsoft.co\/index.php\/category\/finance\/\" class=\"category top-right\">Finance<\/a>                <\/div>\n                <div class=\"el-post-content\">\n                                        <ul class=\"post-meta\">\n                        <li><a href=\"https:\/\/shiftsoft.co\/index.php\/author\/admin\/\"><i class=\"las la-user\"><\/i>admin<\/a><\/li>\n                        <li><a href=\"https:\/\/shiftsoft.co\/index.php\/2024\/05\/07\/\"><i class=\"las la-calendar\"><\/i>May\u0131s 7, 2024<\/a><\/li>\n                    <\/ul>\n                                        <h3 class=\"post-title\">\n                        <a href=\"https:\/\/shiftsoft.co\/index.php\/2024\/05\/07\/e-posta-pazarlama-ile-musteri-bagliligi-saglama\/\">E-posta Pazarlama ile M\u00fc\u015fteri Ba\u011fl\u0131...<\/a>\n                    <\/h3>\n                                            <p>The digital landscape is vast and ever-changing, presenting for businesses. From...<\/p>\n                                                                <a href=\"https:\/\/shiftsoft.co\/index.php\/2024\/05\/07\/e-posta-pazarlama-ile-musteri-bagliligi-saglama\/\" class=\"read-more\">Read More <i class=\"las la-long-arrow-alt-right\"><\/i><\/a>\n                                    <\/div>\n            <\/div>\n        <\/article>\n                <article class=\"el-blog-item post-1589 page type-page status-publish hentry\">\n            <div class=\"el-post-item\">\n                <div class=\"el-post-thumb\">\n                    <a href=\"https:\/\/shiftsoft.co\/index.php\/2024\/05\/07\/web-gelistirme-trendleri-2024\/\" class=\"el-post-thumb-inner\">\n                                            <img fetchpriority=\"high\" decoding=\"async\" width=\"380\" height=\"250\" src=\"https:\/\/shiftsoft.co\/wp-content\/uploads\/2024\/05\/1000x650-380x250.jpg\" class=\"attachment-softgen-thumb-grid size-softgen-thumb-grid wp-post-image\" alt=\"\" \/>                                        <\/a>\n                    <a href=\"https:\/\/shiftsoft.co\/index.php\/category\/business\/\" class=\"category top-right\">Business<\/a>                <\/div>\n                <div class=\"el-post-content\">\n                                        <ul class=\"post-meta\">\n                        <li><a href=\"https:\/\/shiftsoft.co\/index.php\/author\/admin\/\"><i class=\"las la-user\"><\/i>admin<\/a><\/li>\n                        <li><a href=\"https:\/\/shiftsoft.co\/index.php\/2024\/05\/07\/\"><i class=\"las la-calendar\"><\/i>May\u0131s 7, 2024<\/a><\/li>\n                    <\/ul>\n                                        <h3 class=\"post-title\">\n                        <a href=\"https:\/\/shiftsoft.co\/index.php\/2024\/05\/07\/web-gelistirme-trendleri-2024\/\">Web Geli\u015ftirme Trendleri 2024<\/a>\n                    <\/h3>\n                                            <p>The digital landscape is vast and ever-changing, presenting for businesses. From...<\/p>\n                                                                <a href=\"https:\/\/shiftsoft.co\/index.php\/2024\/05\/07\/web-gelistirme-trendleri-2024\/\" class=\"read-more\">Read More <i class=\"las la-long-arrow-alt-right\"><\/i><\/a>\n                                    <\/div>\n            <\/div>\n        <\/article>\n                <article class=\"el-blog-item post-1589 page type-page status-publish hentry\">\n            <div class=\"el-post-item\">\n                <div class=\"el-post-thumb\">\n                    <a href=\"https:\/\/shiftsoft.co\/index.php\/2024\/05\/07\/seonun-onemi-ve-temel-ilkeleri\/\" class=\"el-post-thumb-inner\">\n                                            <img fetchpriority=\"high\" decoding=\"async\" width=\"380\" height=\"250\" src=\"https:\/\/shiftsoft.co\/wp-content\/uploads\/2024\/05\/1000x650-380x250.jpg\" class=\"attachment-softgen-thumb-grid size-softgen-thumb-grid wp-post-image\" alt=\"\" \/>                                        <\/a>\n                    <a href=\"https:\/\/shiftsoft.co\/index.php\/category\/business\/\" class=\"category top-right\">Business<\/a>                <\/div>\n                <div class=\"el-post-content\">\n                                        <ul class=\"post-meta\">\n                        <li><a href=\"https:\/\/shiftsoft.co\/index.php\/author\/admin\/\"><i class=\"las la-user\"><\/i>admin<\/a><\/li>\n                        <li><a href=\"https:\/\/shiftsoft.co\/index.php\/2024\/05\/07\/\"><i class=\"las la-calendar\"><\/i>May\u0131s 7, 2024<\/a><\/li>\n                    <\/ul>\n                                        <h3 class=\"post-title\">\n                        <a href=\"https:\/\/shiftsoft.co\/index.php\/2024\/05\/07\/seonun-onemi-ve-temel-ilkeleri\/\">SEO\u2019nun \u00d6nemi ve Temel \u0130lkeleri<\/a>\n                    <\/h3>\n                                            <p>The digital landscape is vast and ever-changing, presenting for businesses. From...<\/p>\n                                                                <a href=\"https:\/\/shiftsoft.co\/index.php\/2024\/05\/07\/seonun-onemi-ve-temel-ilkeleri\/\" class=\"read-more\">Read More <i class=\"las la-long-arrow-alt-right\"><\/i><\/a>\n                                    <\/div>\n            <\/div>\n        <\/article>\n                <article class=\"el-blog-item post-1589 page type-page status-publish hentry\">\n            <div class=\"el-post-item\">\n                <div class=\"el-post-thumb\">\n                    <a href=\"https:\/\/shiftsoft.co\/index.php\/2024\/09\/25\/dijital-pazarlama-stratejileri\/\" class=\"el-post-thumb-inner\">\n                                            <img decoding=\"async\" src=\"https:\/\/shiftsoft.co\/wp-content\/plugins\/elementor\/assets\/images\/placeholder.png\" alt=\"Dijital Pazarlama Stratejileri\">\n                                        <\/a>\n                    <a href=\"https:\/\/shiftsoft.co\/index.php\/category\/uncategorized\/\" class=\"category top-right\">Uncategorized<\/a>                <\/div>\n                <div class=\"el-post-content\">\n                                        <ul class=\"post-meta\">\n                        <li><a href=\"https:\/\/shiftsoft.co\/index.php\/author\/admin\/\"><i class=\"las la-user\"><\/i>admin<\/a><\/li>\n                        <li><a href=\"https:\/\/shiftsoft.co\/index.php\/2024\/09\/25\/\"><i class=\"las la-calendar\"><\/i>Eyl\u00fcl 25, 2024<\/a><\/li>\n                    <\/ul>\n                                        <h3 class=\"post-title\">\n                        <a href=\"https:\/\/shiftsoft.co\/index.php\/2024\/09\/25\/dijital-pazarlama-stratejileri\/\">Dijital Pazarlama Stratejileri<\/a>\n                    <\/h3>\n                                            <p>Dijital pazarlama, i\u015fletmelerin hedef kitlelerine ula\u015fmak i\u00e7in kulland\u0131klar?...<\/p>\n                                                                <a href=\"https:\/\/shiftsoft.co\/index.php\/2024\/09\/25\/dijital-pazarlama-stratejileri\/\" class=\"read-more\">Read More <i class=\"las la-long-arrow-alt-right\"><\/i><\/a>\n                                    <\/div>\n            <\/div>\n        <\/article>\n                    <\/div>\n        \t\t<\/div>\n\t\t\t\t<\/div>\n\t\t\t\t\t<\/div>\n\t\t\t\t<\/div>\n\t\t\t\t<\/div>\n\t\t","protected":false},"excerpt":{"rendered":"<p>Business admin Nisan 20, 2024 Strategies Effective for Digital Market&#8230; The digital landscape is vast and ever-changing, presenting for businesses. From&#8230; Read More Consulting admin May\u0131s 7, 2024 Navigating the Multi Digital Landscape &#8230; The digital landscape is vast and ever-changing, presenting for businesses. From&#8230; Read More Finance admin May\u0131s 7, 2024 Crafting Your Trendy [&hellip;]<\/p>\n","protected":false},"author":1,"featured_media":0,"parent":0,"menu_order":0,"comment_status":"closed","ping_status":"closed","template":"","meta":{"_acf_changed":false,"_monsterinsights_skip_tracking":false,"_monsterinsights_sitenote_active":false,"_monsterinsights_sitenote_note":"","_monsterinsights_sitenote_category":0,"footnotes":""},"class_list":["post-1589","page","type-page","status-publish","hentry"],"acf":[],"aioseo_notices":[],"_links":{"self":[{"href":"https:\/\/shiftsoft.co\/index.php\/wp-json\/wp\/v2\/pages\/1589","targetHints":{"allow":["GET"]}}],"collection":[{"href":"https:\/\/shiftsoft.co\/index.php\/wp-json\/wp\/v2\/pages"}],"about":[{"href":"https:\/\/shiftsoft.co\/index.php\/wp-json\/wp\/v2\/types\/page"}],"author":[{"embeddable":true,"href":"https:\/\/shiftsoft.co\/index.php\/wp-json\/wp\/v2\/users\/1"}],"replies":[{"embeddable":true,"href":"https:\/\/shiftsoft.co\/index.php\/wp-json\/wp\/v2\/comments?post=1589"}],"version-history":[{"count":8,"href":"https:\/\/shiftsoft.co\/index.php\/wp-json\/wp\/v2\/pages\/1589\/revisions"}],"predecessor-version":[{"id":2305,"href":"https:\/\/shiftsoft.co\/index.php\/wp-json\/wp\/v2\/pages\/1589\/revisions\/2305"}],"wp:attachment":[{"href":"https:\/\/shiftsoft.co\/index.php\/wp-json\/wp\/v2\/media?parent=1589"}],"curies":[{"name":"wp","href":"https:\/\/api.w.org\/{rel}","templated":true}]}}