{"id":1573,"date":"2024-05-15T10:33:29","date_gmt":"2024-05-15T10:33:29","guid":{"rendered":"https:\/\/wp.dynamiclayers.net\/softgen-importer\/?page_id=1573"},"modified":"2024-09-25T21:40:38","modified_gmt":"2024-09-25T21:40:38","slug":"referanslar","status":"publish","type":"page","link":"https:\/\/shiftsoft.co\/index.php\/referanslar\/","title":{"rendered":"Referanslar"},"content":{"rendered":"\t\t<div data-elementor-type=\"wp-page\" data-elementor-id=\"1573\" class=\"elementor elementor-1573\">\n\t\t\t\t<div class=\"elementor-element elementor-element-329d243 e-flex e-con-boxed e-con e-parent\" data-id=\"329d243\" data-element_type=\"container\">\n\t\t\t\t\t<div class=\"e-con-inner\">\n\t\t\t\t<div class=\"elementor-element elementor-element-c8b7989 elementor-widget elementor-widget-softgen-projects\" data-id=\"c8b7989\" data-element_type=\"widget\" data-widget_type=\"softgen-projects.default\">\n\t\t\t\t<div class=\"elementor-widget-container\">\n\t\t\t<div class=\"el-project-wrapper\" data-settings=\"{&quot;carousel&quot;:&quot;no&quot;,&quot;filter&quot;:&quot;no&quot;}\">            <div class=\"el-project-items\">\n                    <article id=\"project-2274\" class=\"el-project-card post-2274 dl-project type-dl-project status-publish has-post-thumbnail hentry project-category-referanslar\">\n\t\t\t<div class=\"el-project-card-inner\">\n\t\t\t\t<div class=\"project-thumb\">\n\t\t\t\t\t<a href=\"https:\/\/shiftsoft.co\/index.php\/project\/borbeen-coffee\/\"><img fetchpriority=\"high\" decoding=\"async\" width=\"350\" height=\"400\" src=\"https:\/\/shiftsoft.co\/wp-content\/uploads\/2024\/09\/Group-1000004179-350x400.png\" class=\"attachment-softgen-project-350x400 size-softgen-project-350x400 wp-post-image\" alt=\"\" \/><\/a>\n\t\t\t\t<\/div>\n\t\t\t\t<div class=\"project-content\">\n\t\t\t\t\t<a href=\"https:\/\/shiftsoft.co\/index.php\/project-category\/referanslar\/\" class=\"project-cat\">Referanslar<\/a>\t\t\t\t\t<h3 class=\"project-title\"><a href=\"https:\/\/shiftsoft.co\/index.php\/project\/borbeen-coffee\/\">Borbeen Coffee<\/a><\/h3>\n\t\t\t\t\t\t\t\t\t\t<a href=\"https:\/\/shiftsoft.co\/index.php\/project\/borbeen-coffee\/\" class=\"read-more\"><i aria-hidden=\"true\" class=\"las la-long-arrow-alt-right\"><\/i><\/a>\n\t\t\t\t\t\t\t\t\t<\/div>\n\t\t\t<\/div>\n        <\/article>\n                <article id=\"project-871\" class=\"el-project-card post-871 dl-project type-dl-project status-publish has-post-thumbnail hentry project-category-referanslar\">\n\t\t\t<div class=\"el-project-card-inner\">\n\t\t\t\t<div class=\"project-thumb\">\n\t\t\t\t\t<a href=\"https:\/\/shiftsoft.co\/index.php\/project\/agacan-palet\/\"><img decoding=\"async\" width=\"350\" height=\"400\" src=\"https:\/\/shiftsoft.co\/wp-content\/uploads\/2024\/09\/Group-1000004185-350x400.png\" class=\"attachment-softgen-project-350x400 size-softgen-project-350x400 wp-post-image\" alt=\"\" \/><\/a>\n\t\t\t\t<\/div>\n\t\t\t\t<div class=\"project-content\">\n\t\t\t\t\t<a href=\"https:\/\/shiftsoft.co\/index.php\/project-category\/referanslar\/\" class=\"project-cat\">Referanslar<\/a>\t\t\t\t\t<h3 class=\"project-title\"><a href=\"https:\/\/shiftsoft.co\/index.php\/project\/agacan-palet\/\">A\u011facan Palet<\/a><\/h3>\n\t\t\t\t\t\t\t\t\t\t<a href=\"https:\/\/shiftsoft.co\/index.php\/project\/agacan-palet\/\" class=\"read-more\"><i aria-hidden=\"true\" class=\"las la-long-arrow-alt-right\"><\/i><\/a>\n\t\t\t\t\t\t\t\t\t<\/div>\n\t\t\t<\/div>\n        <\/article>\n                <article id=\"project-863\" class=\"el-project-card post-863 dl-project type-dl-project status-publish has-post-thumbnail hentry project-category-referanslar\">\n\t\t\t<div class=\"el-project-card-inner\">\n\t\t\t\t<div class=\"project-thumb\">\n\t\t\t\t\t<a href=\"https:\/\/shiftsoft.co\/index.php\/project\/major-event\/\"><img decoding=\"async\" width=\"350\" height=\"400\" src=\"https:\/\/shiftsoft.co\/wp-content\/uploads\/2024\/05\/1000x650-350x400.jpg\" class=\"attachment-softgen-project-350x400 size-softgen-project-350x400 wp-post-image\" alt=\"\" \/><\/a>\n\t\t\t\t<\/div>\n\t\t\t\t<div class=\"project-content\">\n\t\t\t\t\t<a href=\"https:\/\/shiftsoft.co\/index.php\/project-category\/referanslar\/\" class=\"project-cat\">Referanslar<\/a>\t\t\t\t\t<h3 class=\"project-title\"><a href=\"https:\/\/shiftsoft.co\/index.php\/project\/major-event\/\">Major Event<\/a><\/h3>\n\t\t\t\t\t\t\t\t\t\t<a href=\"https:\/\/shiftsoft.co\/index.php\/project\/major-event\/\" class=\"read-more\"><i aria-hidden=\"true\" class=\"las la-long-arrow-alt-right\"><\/i><\/a>\n\t\t\t\t\t\t\t\t\t<\/div>\n\t\t\t<\/div>\n        <\/article>\n                <article id=\"project-867\" class=\"el-project-card post-867 dl-project type-dl-project status-publish has-post-thumbnail hentry project-category-referanslar\">\n\t\t\t<div class=\"el-project-card-inner\">\n\t\t\t\t<div class=\"project-thumb\">\n\t\t\t\t\t<a href=\"https:\/\/shiftsoft.co\/index.php\/project\/sua-design\/\"><img loading=\"lazy\" decoding=\"async\" width=\"350\" height=\"400\" src=\"https:\/\/shiftsoft.co\/wp-content\/uploads\/2024\/09\/Group-1000004180-350x400.png\" class=\"attachment-softgen-project-350x400 size-softgen-project-350x400 wp-post-image\" alt=\"\" \/><\/a>\n\t\t\t\t<\/div>\n\t\t\t\t<div class=\"project-content\">\n\t\t\t\t\t<a href=\"https:\/\/shiftsoft.co\/index.php\/project-category\/referanslar\/\" class=\"project-cat\">Referanslar<\/a>\t\t\t\t\t<h3 class=\"project-title\"><a href=\"https:\/\/shiftsoft.co\/index.php\/project\/sua-design\/\">Sua Design<\/a><\/h3>\n\t\t\t\t\t\t\t\t\t\t<a href=\"https:\/\/shiftsoft.co\/index.php\/project\/sua-design\/\" class=\"read-more\"><i aria-hidden=\"true\" class=\"las la-long-arrow-alt-right\"><\/i><\/a>\n\t\t\t\t\t\t\t\t\t<\/div>\n\t\t\t<\/div>\n        <\/article>\n                <article id=\"project-858\" class=\"el-project-card post-858 dl-project type-dl-project status-publish has-post-thumbnail hentry project-category-referanslar\">\n\t\t\t<div class=\"el-project-card-inner\">\n\t\t\t\t<div class=\"project-thumb\">\n\t\t\t\t\t<a href=\"https:\/\/shiftsoft.co\/index.php\/project\/akhisar-yol-yardim\/\"><img loading=\"lazy\" decoding=\"async\" width=\"350\" height=\"400\" src=\"https:\/\/shiftsoft.co\/wp-content\/uploads\/2024\/09\/Group-1000004184-350x400.png\" class=\"attachment-softgen-project-350x400 size-softgen-project-350x400 wp-post-image\" alt=\"\" \/><\/a>\n\t\t\t\t<\/div>\n\t\t\t\t<div class=\"project-content\">\n\t\t\t\t\t<a href=\"https:\/\/shiftsoft.co\/index.php\/project-category\/referanslar\/\" class=\"project-cat\">Referanslar<\/a>\t\t\t\t\t<h3 class=\"project-title\"><a href=\"https:\/\/shiftsoft.co\/index.php\/project\/akhisar-yol-yardim\/\">Akhisar Yol Yard\u0131m<\/a><\/h3>\n\t\t\t\t\t\t\t\t\t\t<a href=\"https:\/\/shiftsoft.co\/index.php\/project\/akhisar-yol-yardim\/\" class=\"read-more\"><i aria-hidden=\"true\" class=\"las la-long-arrow-alt-right\"><\/i><\/a>\n\t\t\t\t\t\t\t\t\t<\/div>\n\t\t\t<\/div>\n        <\/article>\n                <article id=\"project-869\" class=\"el-project-card post-869 dl-project type-dl-project status-publish has-post-thumbnail hentry project-category-referanslar\">\n\t\t\t<div class=\"el-project-card-inner\">\n\t\t\t\t<div class=\"project-thumb\">\n\t\t\t\t\t<a href=\"https:\/\/shiftsoft.co\/index.php\/project\/cappiiman-giyim\/\"><img loading=\"lazy\" decoding=\"async\" width=\"350\" height=\"400\" src=\"https:\/\/shiftsoft.co\/wp-content\/uploads\/2024\/09\/Group-1000004181-350x400.png\" class=\"attachment-softgen-project-350x400 size-softgen-project-350x400 wp-post-image\" alt=\"\" \/><\/a>\n\t\t\t\t<\/div>\n\t\t\t\t<div class=\"project-content\">\n\t\t\t\t\t<a href=\"https:\/\/shiftsoft.co\/index.php\/project-category\/referanslar\/\" class=\"project-cat\">Referanslar<\/a>\t\t\t\t\t<h3 class=\"project-title\"><a href=\"https:\/\/shiftsoft.co\/index.php\/project\/cappiiman-giyim\/\">Cappiiman Giyim<\/a><\/h3>\n\t\t\t\t\t\t\t\t\t\t<a href=\"https:\/\/shiftsoft.co\/index.php\/project\/cappiiman-giyim\/\" class=\"read-more\"><i aria-hidden=\"true\" class=\"las la-long-arrow-alt-right\"><\/i><\/a>\n\t\t\t\t\t\t\t\t\t<\/div>\n\t\t\t<\/div>\n        <\/article>\n                <article id=\"project-865\" class=\"el-project-card post-865 dl-project type-dl-project status-publish has-post-thumbnail hentry project-category-referanslar\">\n\t\t\t<div class=\"el-project-card-inner\">\n\t\t\t\t<div class=\"project-thumb\">\n\t\t\t\t\t<a href=\"https:\/\/shiftsoft.co\/index.php\/project\/kunce-yayinevi\/\"><img loading=\"lazy\" decoding=\"async\" width=\"350\" height=\"400\" src=\"https:\/\/shiftsoft.co\/wp-content\/uploads\/2024\/09\/Group-1000004183-350x400.png\" class=\"attachment-softgen-project-350x400 size-softgen-project-350x400 wp-post-image\" alt=\"\" \/><\/a>\n\t\t\t\t<\/div>\n\t\t\t\t<div class=\"project-content\">\n\t\t\t\t\t<a href=\"https:\/\/shiftsoft.co\/index.php\/project-category\/referanslar\/\" class=\"project-cat\">Referanslar<\/a>\t\t\t\t\t<h3 class=\"project-title\"><a href=\"https:\/\/shiftsoft.co\/index.php\/project\/kunce-yayinevi\/\">K\u00fcn\u00e7e Yay\u0131nevi<\/a><\/h3>\n\t\t\t\t\t\t\t\t\t\t<a href=\"https:\/\/shiftsoft.co\/index.php\/project\/kunce-yayinevi\/\" class=\"read-more\"><i aria-hidden=\"true\" class=\"las la-long-arrow-alt-right\"><\/i><\/a>\n\t\t\t\t\t\t\t\t\t<\/div>\n\t\t\t<\/div>\n        <\/article>\n                <article id=\"project-2275\" class=\"el-project-card post-2275 dl-project type-dl-project status-publish has-post-thumbnail hentry project-category-referanslar\">\n\t\t\t<div class=\"el-project-card-inner\">\n\t\t\t\t<div class=\"project-thumb\">\n\t\t\t\t\t<a href=\"https:\/\/shiftsoft.co\/index.php\/project\/motto-coffee\/\"><img loading=\"lazy\" decoding=\"async\" width=\"350\" height=\"400\" src=\"https:\/\/shiftsoft.co\/wp-content\/uploads\/2024\/09\/Group-1000004178-350x400.png\" class=\"attachment-softgen-project-350x400 size-softgen-project-350x400 wp-post-image\" alt=\"\" \/><\/a>\n\t\t\t\t<\/div>\n\t\t\t\t<div class=\"project-content\">\n\t\t\t\t\t<a href=\"https:\/\/shiftsoft.co\/index.php\/project-category\/referanslar\/\" class=\"project-cat\">Referanslar<\/a>\t\t\t\t\t<h3 class=\"project-title\"><a href=\"https:\/\/shiftsoft.co\/index.php\/project\/motto-coffee\/\">Motto Coffee<\/a><\/h3>\n\t\t\t\t\t\t\t\t\t\t<a href=\"https:\/\/shiftsoft.co\/index.php\/project\/motto-coffee\/\" class=\"read-more\"><i aria-hidden=\"true\" class=\"las la-long-arrow-alt-right\"><\/i><\/a>\n\t\t\t\t\t\t\t\t\t<\/div>\n\t\t\t<\/div>\n        <\/article>\n                <article id=\"project-1587\" class=\"el-project-card post-1587 dl-project type-dl-project status-publish has-post-thumbnail hentry project-category-referanslar\">\n\t\t\t<div class=\"el-project-card-inner\">\n\t\t\t\t<div class=\"project-thumb\">\n\t\t\t\t\t<a href=\"https:\/\/shiftsoft.co\/index.php\/project\/kirkan-gumus\/\"><img loading=\"lazy\" decoding=\"async\" width=\"350\" height=\"400\" src=\"https:\/\/shiftsoft.co\/wp-content\/uploads\/2024\/05\/Group-1000004177-350x400.png\" class=\"attachment-softgen-project-350x400 size-softgen-project-350x400 wp-post-image\" alt=\"\" \/><\/a>\n\t\t\t\t<\/div>\n\t\t\t\t<div class=\"project-content\">\n\t\t\t\t\t<a href=\"https:\/\/shiftsoft.co\/index.php\/project-category\/referanslar\/\" class=\"project-cat\">Referanslar<\/a>\t\t\t\t\t<h3 class=\"project-title\"><a href=\"https:\/\/shiftsoft.co\/index.php\/project\/kirkan-gumus\/\">K\u0131rkan G\u00fcm\u00fc\u015f<\/a><\/h3>\n\t\t\t\t\t\t\t\t\t\t<a href=\"https:\/\/shiftsoft.co\/index.php\/project\/kirkan-gumus\/\" class=\"read-more\"><i aria-hidden=\"true\" class=\"las la-long-arrow-alt-right\"><\/i><\/a>\n\t\t\t\t\t\t\t\t\t<\/div>\n\t\t\t<\/div>\n        <\/article>\n                    <\/div>\n        <div class=\"el-post-pagination\"><span aria-current=\"page\" class=\"page-numbers current\">1<\/span>\n<a class=\"page-numbers\" href=\"https:\/\/shiftsoft.co\/index.php\/wp-json\/wp\/v2\/pages\/1573\/\/page\/2\">2<\/a>\n<a class=\"next page-numbers\" href=\"https:\/\/shiftsoft.co\/index.php\/wp-json\/wp\/v2\/pages\/1573\/\/page\/2\"><i class=\"la la-long-arrow-right\"><\/i><\/a><\/div><\/div>\t\t<\/div>\n\t\t\t\t<\/div>\n\t\t\t\t\t<\/div>\n\t\t\t\t<\/div>\n\t\t<div class=\"elementor-element elementor-element-6a08135 e-flex e-con-boxed e-con e-parent\" data-id=\"6a08135\" data-element_type=\"container\">\n\t\t\t\t\t<div class=\"e-con-inner\">\n\t\t\t\t<div class=\"elementor-element elementor-element-bc0f536 dl-align-left elementor-aspect-ratio-169 elementor-widget elementor-widget-softgen-call-to-action\" data-id=\"bc0f536\" data-element_type=\"widget\" data-settings=\"{&quot;sg_aspect_ratio&quot;:&quot;169&quot;}\" data-widget_type=\"softgen-call-to-action.default\">\n\t\t\t\t<div class=\"elementor-widget-container\">\n\t\t\t        <div class=\"el-cta-section style-4\">\n                        <div class=\"cta-content-wrapper\">\n                <div class=\"cta-content-inner-wrap\">\n                    <div class=\"cta-content\">\n                                    <h4 class=\"sub-heading wow sg-fadeInBottom\" data-wow-offset=\"200\" data-wow-delay=\"0ms\" data-wow-duration=\"2000ms\">\n                                Kat\u0131lmak \u0130ster misiniz?            <\/h4>\n                    <h2 class=\"sg-heading  wow sg-fadeInBottom\" data-wow-offset=\"200\" data-wow-delay=\"100ms\" data-wow-duration=\"2000ms\">\n            Onlarca memnun m\u00fc\u015fterilerden olmak ister misiniz?            <\/h2>\n                    <p class=\"desc wow sg-fadeInBottom\" data-wow-offset=\"200\" data-wow-delay=\"200ms\" data-wow-duration=\"2000ms\">Siz de bu ba\u015far\u0131l\u0131 projelere kat\u0131l\u0131n ve markan\u0131z\u0131 birlikte b\u00fcy\u00fctelim!\n\n\n\n\n\n\n<\/p>\n                    <div class=\"el-btn-group\">\n                            <a href=\"#\" rel=\"nofollow\" class=\"sg-theme-btn btn-1  wow sg-fadeInBottom\" id=\"\" data-wow-offset=\"200\" data-wow-delay=\"300ms\" data-wow-duration=\"2000ms\">\n                <span >\u00dccretsiz G\u00f6r\u00fc\u015fme Talebi<\/span>\n                            <\/a>\n                    <\/div>\n                                <\/div>\n                    <div class=\"animated-dots\"><span class=\"dot lf-left-right\"><\/span><span class=\"dot lf-up-down\"><\/span><span class=\"dot lf-up-down\"><\/span><span class=\"dot lf-rotate-center\"><\/span><span class=\"dot lf-left-right\"><\/span><span class=\"dot lf-rotate-center\"><\/span><\/div><div class=\"lines\"><div class=\"line\"><\/div><div class=\"line\"><\/div><div class=\"line\"><\/div><div class=\"line\"><\/div><\/div><img decoding=\"async\" class=\"img-illustration\" src=\"https:\/\/shiftsoft.co\/wp-content\/plugins\/softgen-core\/assets\/img\/illustrations\/illustration10.png\" alt=\"Image Illustration\">                <\/div>\n            <\/div>\n        <\/div>\n        \t\t<\/div>\n\t\t\t\t<\/div>\n\t\t\t\t\t<\/div>\n\t\t\t\t<\/div>\n\t\t\t\t<\/div>\n\t\t","protected":false},"excerpt":{"rendered":"<p>Referanslar Major Event Referanslar Sua Design Referanslar A\u011facan Palet Referanslar Akhisar Yol Yard\u0131m Referanslar Cappiiman Giyim Referanslar Emlakvarsa Referanslar K\u0131rkan G\u00fcm\u00fc\u015f Referanslar K\u00fcn\u00e7e Yay\u0131nevi 1 2 Kat\u0131lmak \u0130ster misiniz? Onlarca memnun m\u00fc\u015fterilerden olmak ister misiniz? Siz de bu ba\u015far\u0131l\u0131 projelere kat\u0131l\u0131n ve markan\u0131z\u0131 birlikte b\u00fcy\u00fctelim! \u00dccretsiz G\u00f6r\u00fc\u015fme Talebi<\/p>\n","protected":false},"author":1,"featured_media":0,"parent":0,"menu_order":0,"comment_status":"closed","ping_status":"closed","template":"elementor_header_footer","meta":{"_acf_changed":false,"_monsterinsights_skip_tracking":false,"_monsterinsights_sitenote_active":false,"_monsterinsights_sitenote_note":"","_monsterinsights_sitenote_category":0,"footnotes":""},"class_list":["post-1573","page","type-page","status-publish","hentry"],"acf":[],"aioseo_notices":[],"_links":{"self":[{"href":"https:\/\/shiftsoft.co\/index.php\/wp-json\/wp\/v2\/pages\/1573","targetHints":{"allow":["GET"]}}],"collection":[{"href":"https:\/\/shiftsoft.co\/index.php\/wp-json\/wp\/v2\/pages"}],"about":[{"href":"https:\/\/shiftsoft.co\/index.php\/wp-json\/wp\/v2\/types\/page"}],"author":[{"embeddable":true,"href":"https:\/\/shiftsoft.co\/index.php\/wp-json\/wp\/v2\/users\/1"}],"replies":[{"embeddable":true,"href":"https:\/\/shiftsoft.co\/index.php\/wp-json\/wp\/v2\/comments?post=1573"}],"version-history":[{"count":20,"href":"https:\/\/shiftsoft.co\/index.php\/wp-json\/wp\/v2\/pages\/1573\/revisions"}],"predecessor-version":[{"id":2288,"href":"https:\/\/shiftsoft.co\/index.php\/wp-json\/wp\/v2\/pages\/1573\/revisions\/2288"}],"wp:attachment":[{"href":"https:\/\/shiftsoft.co\/index.php\/wp-json\/wp\/v2\/media?parent=1573"}],"curies":[{"name":"wp","href":"https:\/\/api.w.org\/{rel}","templated":true}]}}