{"id":1158,"date":"2024-05-14T05:02:40","date_gmt":"2024-05-14T05:02:40","guid":{"rendered":"https:\/\/wp.dynamiclayers.net\/softgen-importer\/?page_id=1158"},"modified":"2025-01-04T17:11:00","modified_gmt":"2025-01-04T17:11:00","slug":"hakkimizda","status":"publish","type":"page","link":"https:\/\/shiftsoft.co\/index.php\/hakkimizda\/","title":{"rendered":"Hakk\u0131m\u0131zda"},"content":{"rendered":"\t\t<div data-elementor-type=\"wp-page\" data-elementor-id=\"1158\" class=\"elementor elementor-1158\">\n\t\t\t\t<div class=\"elementor-element elementor-element-4ec8250 e-flex e-con-boxed e-con e-parent\" data-id=\"4ec8250\" data-element_type=\"container\">\n\t\t\t\t\t<div class=\"e-con-inner\">\n\t\t<div class=\"elementor-element elementor-element-172bf25 e-con-full e-flex e-con e-child\" data-id=\"172bf25\" data-element_type=\"container\">\n\t\t\t\t<div class=\"elementor-element elementor-element-9a23d58 elementor-widget elementor-widget-softgen-section-heading\" data-id=\"9a23d58\" data-element_type=\"widget\" data-widget_type=\"softgen-section-heading.default\">\n\t\t\t\t<div class=\"elementor-widget-container\">\n\t\t\t        <div class=\"el-section-heading\">\n            <div class=\"content-wrapper\">\n                            <h2 class=\"sg-heading is-border wow sg-fadeInBottom\" data-wow-offset=\"200\" data-wow-delay=\"0ms\" data-wow-duration=\"2000ms\">\n            Neden Bizi \n <span>Se\u00e7melisiniz?<\/span>            <\/h2>\n                    <p class=\"desc wow sg-fadeInBottom\" data-wow-offset=\"200\" data-wow-delay=\"100ms\" data-wow-duration=\"2000ms\">Tasar\u0131m ve yaz\u0131l\u0131m hizmetleri sa\u011flay\u0131c\u0131s\u0131 olarak, i\u015f ba\u015far\u0131s\u0131n\u0131 sa\u011flayan ihtiya\u00e7lara \u00f6zel web ve mobil \u00e7\u00f6z\u00fcmler olu\u015fturmaya kararl\u0131y\u0131z.<\/p>\n                    <\/div>\n        <\/div>\n        \t\t<\/div>\n\t\t\t\t<\/div>\n\t\t\t\t<\/div>\n\t\t<div class=\"elementor-element elementor-element-00c0086 e-con-full e-flex e-con e-child\" data-id=\"00c0086\" data-element_type=\"container\">\n\t\t\t\t<div class=\"elementor-element elementor-element-f5effbc layout-block list-top layout-block list-left elementor-widget elementor-widget-softgen-list-items\" data-id=\"f5effbc\" data-element_type=\"widget\" data-widget_type=\"softgen-list-items.default\">\n\t\t\t\t<div class=\"elementor-widget-container\">\n\t\t\t        <div class=\"dl-el-items\">\n                        <div class=\"dl-el-item elementor-repeater-item-d926c9d wow sg-fadeInRight\" data-wow-offset=\"200\" data-wow-duration=\"2000ms\" data-wow-delay=\"100ms\">\n                                    <div class=\"dl-el-list-icon\">\n                        <img decoding=\"async\" src=\"https:\/\/wp.dynamiclayers.net\/softgen\/wp-content\/uploads\/sites\/13\/2024\/04\/icon03.png\" alt=\"Uzmanl\u0131k\">                    <\/div>\n                                <div class=\"dl-el-list-content\">\n                                            <h3 >Uzmanl\u0131k<\/h3>\n                                                                <p >\u00c7e\u015fitli sekt\u00f6rlerdeki m\u00fc\u015fteriler i\u00e7in web siteleri tasarlama ve geli\u015ftirme konusunda geni\u015f deneyime sahibiz.<\/p>\n                                                        <\/div>\n            <\/div>\n                        <div class=\"dl-el-item elementor-repeater-item-abdd0cf wow sg-fadeInRight\" data-wow-offset=\"200\" data-wow-duration=\"2000ms\" data-wow-delay=\"150ms\">\n                                    <div class=\"dl-el-list-icon\">\n                        <img decoding=\"async\" src=\"https:\/\/wp.dynamiclayers.net\/softgen\/wp-content\/uploads\/sites\/13\/2024\/04\/icon05.png\" alt=\"Detaylara \u00d6nem\">                    <\/div>\n                                <div class=\"dl-el-list-content\">\n                                            <h3 >Detaylara \u00d6nem<\/h3>\n                                                                <p >Yapt\u0131\u011f\u0131m\u0131z i\u015ften gurur duyuyoruz ve her detaya b\u00fcy\u00fck \u00f6zen g\u00f6steriyoruz, b\u00f6ylece nihai \u00fcr\u00fcn\u00fcn en y\u00fcksek kalitede olmas\u0131n\u0131 sa\u011fl\u0131yoruz.<\/p>\n                                                        <\/div>\n            <\/div>\n                        <div class=\"dl-el-item elementor-repeater-item-dadf342 wow sg-fadeInRight\" data-wow-offset=\"200\" data-wow-duration=\"2000ms\" data-wow-delay=\"200ms\">\n                                    <div class=\"dl-el-list-icon\">\n                        <img decoding=\"async\" src=\"https:\/\/wp.dynamiclayers.net\/softgen\/wp-content\/uploads\/sites\/13\/2024\/04\/icon15.png\" alt=\"M\u00fc\u015fteri Memnuniyeti\">                    <\/div>\n                                <div class=\"dl-el-list-content\">\n                                            <h3 >M\u00fc\u015fteri Memnuniyeti<\/h3>\n                                                                <p >Shiftsoft ekibi olarak, m\u00fc\u015fterilerimizle uzun vadeli ili\u015fkiler kurman\u0131n \u00f6nemini anl\u0131yoruz.<\/p>\n                                                        <\/div>\n            <\/div>\n                    <\/div>\n        \t\t<\/div>\n\t\t\t\t<\/div>\n\t\t\t\t<\/div>\n\t\t\t\t\t<\/div>\n\t\t\t\t<\/div>\n\t\t<div class=\"elementor-element elementor-element-89fab2a e-flex e-con-boxed e-con e-parent\" data-id=\"89fab2a\" data-element_type=\"container\" data-settings=\"{&quot;background_background&quot;:&quot;classic&quot;}\">\n\t\t\t\t\t<div class=\"e-con-inner\">\n\t\t\t\t<div class=\"elementor-element elementor-element-b621ad8 dl-align-center elementor-aspect-ratio-169 elementor-widget elementor-widget-softgen-call-to-action\" data-id=\"b621ad8\" data-element_type=\"widget\" data-settings=\"{&quot;sg_aspect_ratio&quot;:&quot;169&quot;}\" data-widget_type=\"softgen-call-to-action.default\">\n\t\t\t\t<div class=\"elementor-widget-container\">\n\t\t\t        <div class=\"el-cta-section style-1\">\n                        <img decoding=\"async\" class=\"anim-illustration parallax-item\" src=\"https:\/\/shiftsoft.co\/wp-content\/plugins\/softgen-core\/assets\/img\/illustrations\/element-4.png\" alt=\"illustration\">\n            <img decoding=\"async\" class=\"anim-illustration parallax-item bottom\" src=\"https:\/\/shiftsoft.co\/wp-content\/plugins\/softgen-core\/assets\/img\/illustrations\/element-5.png\" alt=\"illustration\">\n                        <div class=\"cta-content-wrapper\">\n                <div class=\"cta-content-inner-wrap\">\n                    <div class=\"cta-content\">\n                                    <h2 class=\"sg-heading  wow sg-fadeInBottom\" data-wow-offset=\"200\" data-wow-delay=\"100ms\" data-wow-duration=\"2000ms\">\n            Projeniz i\u00e7in ideal se\u00e7im haline getirdi\u011fine inan\u0131yoruz.\n\n            <\/h2>\n                    <p class=\"desc wow sg-fadeInBottom\" data-wow-offset=\"200\" data-wow-delay=\"200ms\" data-wow-duration=\"2000ms\">\nMu\u011fla Teknopark ofisimizde, i\u015fletmelerin \u00e7evrimi\u00e7i hedeflerine ula\u015fmalar\u0131na yard\u0131mc\u0131 olan \u00f6zel web ve mobil \u00e7\u00f6z\u00fcmleri yaratmada uzman\u0131z. Deneyimli web ve mobil geli\u015ftiricileri, tasar\u0131mc\u0131lar ve dijital stratejistlerden olu\u015fan ekibimiz, m\u00fc\u015fterilerimizin benzersiz ihtiya\u00e7lar\u0131n\u0131 kar\u015f\u0131layan ve sonu\u00e7lar sa\u011flayan dijital \u00fcr\u00fcnler olu\u015fturmak i\u00e7in i\u015f birli\u011fi i\u00e7inde \u00e7al\u0131\u015fmaktad\u0131r.\n\nMisyonumuz, m\u00fc\u015fterilerimize \u00e7evrimi\u00e7i pazarda ba\u015far\u0131l\u0131 olmalar\u0131 i\u00e7in ihtiya\u00e7 duyduklar\u0131 ara\u00e7lar\u0131 sa\u011flamakt\u0131r. En y\u00fcksek kalitede i\u015fler sundu\u011fumuzdan emin olmak i\u00e7in en son web ve mobil teknoloji trendleriyle g\u00fcncel kalmaya adanm\u0131\u015f durumday\u0131z. Her i\u015fletmenin, markalar\u0131n\u0131n ki\u015fili\u011fini yans\u0131tan ve hedef kitlelerine mesajlar\u0131n\u0131 etkili bir \u015fekilde ileten bir dijital \u00fcr\u00fcn\u00fc hak etti\u011fine inan\u0131yoruz.<\/p>\n                            <\/div>\n                    <div class=\"animated-dots\"><span class=\"dot lf-left-right\"><\/span><span class=\"dot lf-up-down\"><\/span><span class=\"dot lf-up-down\"><\/span><span class=\"dot lf-rotate-center\"><\/span><span class=\"dot lf-left-right\"><\/span><span class=\"dot lf-rotate-center\"><\/span><\/div>                <\/div>\n            <\/div>\n        <\/div>\n        \t\t<\/div>\n\t\t\t\t<\/div>\n\t\t\t\t\t<\/div>\n\t\t\t\t<\/div>\n\t\t\t\t<\/div>\n\t\t","protected":false},"excerpt":{"rendered":"<p>Neden Bizi Se\u00e7melisiniz? Tasar\u0131m ve yaz\u0131l\u0131m hizmetleri sa\u011flay\u0131c\u0131s\u0131 olarak, i\u015f ba\u015far\u0131s\u0131n\u0131 sa\u011flayan ihtiya\u00e7lara \u00f6zel web ve mobil \u00e7\u00f6z\u00fcmler olu\u015fturmaya kararl\u0131y\u0131z. Uzmanl\u0131k \u00c7e\u015fitli sekt\u00f6rlerdeki m\u00fc\u015fteriler i\u00e7in web siteleri tasarlama ve geli\u015ftirme konusunda geni\u015f deneyime sahibiz. Detaylara \u00d6nem Yapt\u0131\u011f\u0131m\u0131z i\u015ften gurur duyuyoruz ve her detaya b\u00fcy\u00fck \u00f6zen g\u00f6steriyoruz, b\u00f6ylece nihai \u00fcr\u00fcn\u00fcn en y\u00fcksek kalitede olmas\u0131n\u0131 sa\u011fl\u0131yoruz. M\u00fc\u015fteri [&hellip;]<\/p>\n","protected":false},"author":1,"featured_media":0,"parent":0,"menu_order":0,"comment_status":"closed","ping_status":"closed","template":"elementor-template.php","meta":{"_acf_changed":false,"_monsterinsights_skip_tracking":false,"_monsterinsights_sitenote_active":false,"_monsterinsights_sitenote_note":"","_monsterinsights_sitenote_category":0,"footnotes":""},"class_list":["post-1158","page","type-page","status-publish","hentry"],"acf":[],"aioseo_notices":[],"_links":{"self":[{"href":"https:\/\/shiftsoft.co\/index.php\/wp-json\/wp\/v2\/pages\/1158","targetHints":{"allow":["GET"]}}],"collection":[{"href":"https:\/\/shiftsoft.co\/index.php\/wp-json\/wp\/v2\/pages"}],"about":[{"href":"https:\/\/shiftsoft.co\/index.php\/wp-json\/wp\/v2\/types\/page"}],"author":[{"embeddable":true,"href":"https:\/\/shiftsoft.co\/index.php\/wp-json\/wp\/v2\/users\/1"}],"replies":[{"embeddable":true,"href":"https:\/\/shiftsoft.co\/index.php\/wp-json\/wp\/v2\/comments?post=1158"}],"version-history":[{"count":6,"href":"https:\/\/shiftsoft.co\/index.php\/wp-json\/wp\/v2\/pages\/1158\/revisions"}],"predecessor-version":[{"id":2439,"href":"https:\/\/shiftsoft.co\/index.php\/wp-json\/wp\/v2\/pages\/1158\/revisions\/2439"}],"wp:attachment":[{"href":"https:\/\/shiftsoft.co\/index.php\/wp-json\/wp\/v2\/media?parent=1158"}],"curies":[{"name":"wp","href":"https:\/\/api.w.org\/{rel}","templated":true}]}}